{"id":21544,"date":"2025-11-20T19:57:41","date_gmt":"2025-11-20T19:57:41","guid":{"rendered":"http:\/\/mallinuket.fi\/?page_id=21544"},"modified":"2025-11-28T16:03:13","modified_gmt":"2025-11-28T16:03:13","slug":"videogalleria","status":"publish","type":"page","link":"http:\/\/mallinuket.fi\/fi\/video-galleria\/","title":{"rendered":"Videogalleria"},"content":{"rendered":"<div data-elementor-type=\"wp-page\" data-elementor-id=\"21544\" class=\"elementor elementor-21544\" data-elementor-post-type=\"page\">\n\t\t\t\t<div class=\"elementor-element elementor-element-2997cb7 e-flex e-con-boxed e-con e-parent\" data-id=\"2997cb7\" data-element_type=\"container\" data-e-type=\"container\">\n\t\t\t\t\t<div class=\"e-con-inner\">\n\t\t<div class=\"elementor-element elementor-element-cd38a7c e-grid e-con-full e-con e-child\" data-id=\"cd38a7c\" data-element_type=\"container\" data-e-type=\"container\">\n\t\t\t\t<div class=\"elementor-element elementor-element-333425f elementor-widget elementor-widget-video\" data-id=\"333425f\" data-element_type=\"widget\" data-e-type=\"widget\" data-settings=\"{&quot;youtube_url&quot;:&quot;https:\\\/\\\/youtu.be\\\/qyg6s7CyPJQ?si=bFRMk_uD4rpcNsbn&quot;,&quot;video_type&quot;:&quot;youtube&quot;,&quot;controls&quot;:&quot;yes&quot;}\" data-widget_type=\"video.default\">\n\t\t\t\t\t\t\t<div class=\"elementor-wrapper elementor-open-inline\">\n\t\t\t<div class=\"elementor-video\"><\/div>\t\t<\/div>\n\t\t\t\t\t\t<\/div>\n\t\t\t\t<div class=\"elementor-element elementor-element-b5742a9 elementor-widget elementor-widget-video\" data-id=\"b5742a9\" data-element_type=\"widget\" data-e-type=\"widget\" data-settings=\"{&quot;youtube_url&quot;:&quot;https:\\\/\\\/youtu.be\\\/Om_DF5eS484?si=4fki8xy9ZYGH9cW1&quot;,&quot;video_type&quot;:&quot;youtube&quot;,&quot;controls&quot;:&quot;yes&quot;}\" data-widget_type=\"video.default\">\n\t\t\t\t\t\t\t<div class=\"elementor-wrapper elementor-open-inline\">\n\t\t\t<div class=\"elementor-video\"><\/div>\t\t<\/div>\n\t\t\t\t\t\t<\/div>\n\t\t\t\t<div class=\"elementor-element elementor-element-50ff36c elementor-widget elementor-widget-video\" data-id=\"50ff36c\" data-element_type=\"widget\" data-e-type=\"widget\" data-settings=\"{&quot;youtube_url&quot;:&quot;https:\\\/\\\/youtu.be\\\/nFYkhpf8BjA?si=XUGK6ll3SD6oYezs&quot;,&quot;video_type&quot;:&quot;youtube&quot;,&quot;controls&quot;:&quot;yes&quot;}\" data-widget_type=\"video.default\">\n\t\t\t\t\t\t\t<div class=\"elementor-wrapper elementor-open-inline\">\n\t\t\t<div class=\"elementor-video\"><\/div>\t\t<\/div>\n\t\t\t\t\t\t<\/div>\n\t\t\t\t<div class=\"elementor-element elementor-element-c638a15 elementor-widget elementor-widget-video\" data-id=\"c638a15\" data-element_type=\"widget\" data-e-type=\"widget\" data-settings=\"{&quot;youtube_url&quot;:&quot;https:\\\/\\\/youtu.be\\\/MrfH-OHXs1s?si=AHyLsne1Ihae1sed&quot;,&quot;video_type&quot;:&quot;youtube&quot;,&quot;controls&quot;:&quot;yes&quot;}\" data-widget_type=\"video.default\">\n\t\t\t\t\t\t\t<div class=\"elementor-wrapper elementor-open-inline\">\n\t\t\t<div class=\"elementor-video\"><\/div>\t\t<\/div>\n\t\t\t\t\t\t<\/div>\n\t\t\t\t<div class=\"elementor-element elementor-element-0c8453f elementor-widget elementor-widget-text-editor\" data-id=\"0c8453f\" data-element_type=\"widget\" data-e-type=\"widget\" data-widget_type=\"text-editor.default\">\n\t\t\t\t\t\t\t\t\t<p><strong>Video nro: 1<\/strong><\/p><p>Miten asennetaan SINCERE-nukke Shopfittersin valikoimasta?<\/p>\t\t\t\t\t\t\t\t<\/div>\n\t\t\t\t<div class=\"elementor-element elementor-element-24e9ee4 elementor-widget elementor-widget-text-editor\" data-id=\"24e9ee4\" data-element_type=\"widget\" data-e-type=\"widget\" data-widget_type=\"text-editor.default\">\n\t\t\t\t\t\t\t\t\t<p><strong>Video nro: 2<\/strong><\/p><p>Kuinka asentaa OMNIA torso Butiksinredarnasta?<\/p>\t\t\t\t\t\t\t\t<\/div>\n\t\t\t\t<div class=\"elementor-element elementor-element-32e91f5 elementor-widget elementor-widget-text-editor\" data-id=\"32e91f5\" data-element_type=\"widget\" data-e-type=\"widget\" data-widget_type=\"text-editor.default\">\n\t\t\t\t\t\t\t\t\t<p><strong>Video nro: 3<\/strong><\/p><p>Miten Shopfittersin TF-521V2-rullaava vaatetanko asennetaan?<\/p>\t\t\t\t\t\t\t\t<\/div>\n\t\t\t\t<div class=\"elementor-element elementor-element-b9b72b0 elementor-widget elementor-widget-text-editor\" data-id=\"b9b72b0\" data-element_type=\"widget\" data-e-type=\"widget\" data-widget_type=\"text-editor.default\">\n\t\t\t\t\t\t\t\t\t<p><strong>Video nro: 4<\/strong><\/p><p>Miten Shopfittersin TF-502V2-rullaava vaatetanko asennetaan?<\/p>\t\t\t\t\t\t\t\t<\/div>\n\t\t\t\t<div class=\"elementor-element elementor-element-065802b elementor-widget elementor-widget-video\" data-id=\"065802b\" data-element_type=\"widget\" data-e-type=\"widget\" data-settings=\"{&quot;youtube_url&quot;:&quot;https:\\\/\\\/youtu.be\\\/8jzttNs4Ox0?si=9kSJGM29FUWnKBHQ&quot;,&quot;video_type&quot;:&quot;youtube&quot;,&quot;controls&quot;:&quot;yes&quot;}\" data-widget_type=\"video.default\">\n\t\t\t\t\t\t\t<div class=\"elementor-wrapper elementor-open-inline\">\n\t\t\t<div class=\"elementor-video\"><\/div>\t\t<\/div>\n\t\t\t\t\t\t<\/div>\n\t\t\t\t<div class=\"elementor-element elementor-element-845ae24 elementor-widget elementor-widget-video\" data-id=\"845ae24\" data-element_type=\"widget\" data-e-type=\"widget\" data-settings=\"{&quot;youtube_url&quot;:&quot;https:\\\/\\\/youtu.be\\\/oR52kJcF594?si=Gkc2zNg-VUfvU3LI&quot;,&quot;video_type&quot;:&quot;youtube&quot;,&quot;controls&quot;:&quot;yes&quot;}\" data-widget_type=\"video.default\">\n\t\t\t\t\t\t\t<div class=\"elementor-wrapper elementor-open-inline\">\n\t\t\t<div class=\"elementor-video\"><\/div>\t\t<\/div>\n\t\t\t\t\t\t<\/div>\n\t\t\t\t<div class=\"elementor-element elementor-element-f4d4dee elementor-widget elementor-widget-video\" data-id=\"f4d4dee\" data-element_type=\"widget\" data-e-type=\"widget\" data-settings=\"{&quot;youtube_url&quot;:&quot;https:\\\/\\\/youtu.be\\\/kF0AyDFpB4g?si=K28RnlAhfu39hFY1&quot;,&quot;video_type&quot;:&quot;youtube&quot;,&quot;controls&quot;:&quot;yes&quot;}\" data-widget_type=\"video.default\">\n\t\t\t\t\t\t\t<div class=\"elementor-wrapper elementor-open-inline\">\n\t\t\t<div class=\"elementor-video\"><\/div>\t\t<\/div>\n\t\t\t\t\t\t<\/div>\n\t\t\t\t<div class=\"elementor-element elementor-element-3047c14 elementor-widget elementor-widget-video\" data-id=\"3047c14\" data-element_type=\"widget\" data-e-type=\"widget\" data-settings=\"{&quot;youtube_url&quot;:&quot;https:\\\/\\\/youtu.be\\\/bcUUdESTLFo?si=JRzIIautyn-lsocQ&quot;,&quot;video_type&quot;:&quot;youtube&quot;,&quot;controls&quot;:&quot;yes&quot;}\" data-widget_type=\"video.default\">\n\t\t\t\t\t\t\t<div class=\"elementor-wrapper elementor-open-inline\">\n\t\t\t<div class=\"elementor-video\"><\/div>\t\t<\/div>\n\t\t\t\t\t\t<\/div>\n\t\t\t\t<div class=\"elementor-element elementor-element-44a238e elementor-widget elementor-widget-text-editor\" data-id=\"44a238e\" data-element_type=\"widget\" data-e-type=\"widget\" data-widget_type=\"text-editor.default\">\n\t\t\t\t\t\t\t\t\t<p><strong>Video nro: 5<\/strong><\/p><p>Miten Shopfittersin TF-504V2-rullaava vaatetanko asennetaan?<\/p>\t\t\t\t\t\t\t\t<\/div>\n\t\t\t\t<div class=\"elementor-element elementor-element-283ad44 elementor-widget elementor-widget-text-editor\" data-id=\"283ad44\" data-element_type=\"widget\" data-e-type=\"widget\" data-widget_type=\"text-editor.default\">\n\t\t\t\t\t\t\t\t\t<p><strong>Video nro: 6<\/strong><\/p><p>Miten asennetaan Smart Rack Infodisplay Butiksinredarnasta?<\/p>\t\t\t\t\t\t\t\t<\/div>\n\t\t\t\t<div class=\"elementor-element elementor-element-cd53066 elementor-widget elementor-widget-text-editor\" data-id=\"cd53066\" data-element_type=\"widget\" data-e-type=\"widget\" data-widget_type=\"text-editor.default\">\n\t\t\t\t\t\t\t\t\t<p><strong>Video nro: 7<\/strong><\/p><p>Miten asennetaan MAISON MARLU torso Butiksinredarnasta?<\/p>\t\t\t\t\t\t\t\t<\/div>\n\t\t\t\t<div class=\"elementor-element elementor-element-6669eb0 elementor-widget elementor-widget-text-editor\" data-id=\"6669eb0\" data-element_type=\"widget\" data-e-type=\"widget\" data-widget_type=\"text-editor.default\">\n\t\t\t\t\t\t\t\t\t<p><strong>Video nro: 8<\/strong><\/p><p class=\"style-scope ytd-watch-metadata\">Miten asennetaan MAISON MARLU torso Butiksinredarnasta?<\/p>\t\t\t\t\t\t\t\t<\/div>\n\t\t\t\t<div class=\"elementor-element elementor-element-ea69303 elementor-widget elementor-widget-video\" data-id=\"ea69303\" data-element_type=\"widget\" data-e-type=\"widget\" data-settings=\"{&quot;youtube_url&quot;:&quot;https:\\\/\\\/youtu.be\\\/HLlmxWCE-wo?si=qz82HyL_tb0g6zef&quot;,&quot;video_type&quot;:&quot;youtube&quot;,&quot;controls&quot;:&quot;yes&quot;}\" data-widget_type=\"video.default\">\n\t\t\t\t\t\t\t<div class=\"elementor-wrapper elementor-open-inline\">\n\t\t\t<div class=\"elementor-video\"><\/div>\t\t<\/div>\n\t\t\t\t\t\t<\/div>\n\t\t\t\t<div class=\"elementor-element elementor-element-38857da elementor-widget elementor-widget-video\" data-id=\"38857da\" data-element_type=\"widget\" data-e-type=\"widget\" data-settings=\"{&quot;youtube_url&quot;:&quot;https:\\\/\\\/youtu.be\\\/e_5IcYsZZOY?si=esQTm7qH5nXXzrRV&quot;,&quot;video_type&quot;:&quot;youtube&quot;,&quot;controls&quot;:&quot;yes&quot;}\" data-widget_type=\"video.default\">\n\t\t\t\t\t\t\t<div class=\"elementor-wrapper elementor-open-inline\">\n\t\t\t<div class=\"elementor-video\"><\/div>\t\t<\/div>\n\t\t\t\t\t\t<\/div>\n\t\t\t\t<div class=\"elementor-element elementor-element-b6e420c elementor-widget elementor-widget-video\" data-id=\"b6e420c\" data-element_type=\"widget\" data-e-type=\"widget\" data-settings=\"{&quot;youtube_url&quot;:&quot;https:\\\/\\\/youtu.be\\\/RL3XS8Y3ttI?si=MZfE6vkk9mq-6SoU&quot;,&quot;video_type&quot;:&quot;youtube&quot;,&quot;controls&quot;:&quot;yes&quot;}\" data-widget_type=\"video.default\">\n\t\t\t\t\t\t\t<div class=\"elementor-wrapper elementor-open-inline\">\n\t\t\t<div class=\"elementor-video\"><\/div>\t\t<\/div>\n\t\t\t\t\t\t<\/div>\n\t\t\t\t<div class=\"elementor-element elementor-element-b620355 elementor-widget elementor-widget-video\" data-id=\"b620355\" data-element_type=\"widget\" data-e-type=\"widget\" data-settings=\"{&quot;youtube_url&quot;:&quot;https:\\\/\\\/youtu.be\\\/K84PG07c2eE?si=HHtOG782vYfUG57V&quot;,&quot;video_type&quot;:&quot;youtube&quot;,&quot;controls&quot;:&quot;yes&quot;}\" data-widget_type=\"video.default\">\n\t\t\t\t\t\t\t<div class=\"elementor-wrapper elementor-open-inline\">\n\t\t\t<div class=\"elementor-video\"><\/div>\t\t<\/div>\n\t\t\t\t\t\t<\/div>\n\t\t\t\t<div class=\"elementor-element elementor-element-cba45dc elementor-widget elementor-widget-text-editor\" data-id=\"cba45dc\" data-element_type=\"widget\" data-e-type=\"widget\" data-widget_type=\"text-editor.default\">\n\t\t\t\t\t\t\t\t\t<p><strong>Video nro: 9<\/strong><\/p><p>Miten asennetaan MAISON MARLU -nukke Butiksinredarnasta?<\/p>\t\t\t\t\t\t\t\t<\/div>\n\t\t\t\t<div class=\"elementor-element elementor-element-4b60d5e elementor-widget elementor-widget-text-editor\" data-id=\"4b60d5e\" data-element_type=\"widget\" data-e-type=\"widget\" data-widget_type=\"text-editor.default\">\n\t\t\t\t\t\t\t\t\t<p><strong>Video nro: 10<\/strong><\/p><p class=\"style-scope ytd-watch-metadata\">Miten swing-jalkaa k\u00e4ytet\u00e4\u00e4n<\/p>\t\t\t\t\t\t\t\t<\/div>\n\t\t\t\t<div class=\"elementor-element elementor-element-91b50a8 elementor-widget elementor-widget-text-editor\" data-id=\"91b50a8\" data-element_type=\"widget\" data-e-type=\"widget\" data-widget_type=\"text-editor.default\">\n\t\t\t\t\t\t\t\t\t<p><strong>Video nro: 11<\/strong><\/p><p>Miten asennetaan B.CASUAL-nukke Shopfittersin valikoimasta?<\/p>\t\t\t\t\t\t\t\t<\/div>\n\t\t\t\t<div class=\"elementor-element elementor-element-96c3468 elementor-widget elementor-widget-text-editor\" data-id=\"96c3468\" data-element_type=\"widget\" data-e-type=\"widget\" data-widget_type=\"text-editor.default\">\n\t\t\t\t\t\t\t\t\t<p><strong>Video nro: 12<\/strong><\/p><p>Miten asennetaan liikkuva vaatekisko TF-546Y Butiksinredarna:lta<\/p>\t\t\t\t\t\t\t\t<\/div>\n\t\t\t\t<div class=\"elementor-element elementor-element-90377d3 elementor-widget elementor-widget-video\" data-id=\"90377d3\" data-element_type=\"widget\" data-e-type=\"widget\" data-settings=\"{&quot;youtube_url&quot;:&quot;https:\\\/\\\/youtu.be\\\/lVQN3phx6dE?si=FTxHSHU49nv6c7PD&quot;,&quot;video_type&quot;:&quot;youtube&quot;,&quot;controls&quot;:&quot;yes&quot;}\" data-widget_type=\"video.default\">\n\t\t\t\t\t\t\t<div class=\"elementor-wrapper elementor-open-inline\">\n\t\t\t<div class=\"elementor-video\"><\/div>\t\t<\/div>\n\t\t\t\t\t\t<\/div>\n\t\t\t\t<div class=\"elementor-element elementor-element-09d3c65 elementor-widget elementor-widget-video\" data-id=\"09d3c65\" data-element_type=\"widget\" data-e-type=\"widget\" data-settings=\"{&quot;youtube_url&quot;:&quot;https:\\\/\\\/youtu.be\\\/QGyE0k-S6uU?si=V4QuvGxE0RX7jZ1W&quot;,&quot;video_type&quot;:&quot;youtube&quot;,&quot;controls&quot;:&quot;yes&quot;}\" data-widget_type=\"video.default\">\n\t\t\t\t\t\t\t<div class=\"elementor-wrapper elementor-open-inline\">\n\t\t\t<div class=\"elementor-video\"><\/div>\t\t<\/div>\n\t\t\t\t\t\t<\/div>\n\t\t\t\t<div class=\"elementor-element elementor-element-3a9545d elementor-widget elementor-widget-video\" data-id=\"3a9545d\" data-element_type=\"widget\" data-e-type=\"widget\" data-settings=\"{&quot;youtube_url&quot;:&quot;https:\\\/\\\/youtu.be\\\/zUBmzC7Yxvg?si=gd6pQTX-Vt7aQ-t7&quot;,&quot;video_type&quot;:&quot;youtube&quot;,&quot;controls&quot;:&quot;yes&quot;}\" data-widget_type=\"video.default\">\n\t\t\t\t\t\t\t<div class=\"elementor-wrapper elementor-open-inline\">\n\t\t\t<div class=\"elementor-video\"><\/div>\t\t<\/div>\n\t\t\t\t\t\t<\/div>\n\t\t\t\t<div class=\"elementor-element elementor-element-aac2ebf elementor-widget elementor-widget-video\" data-id=\"aac2ebf\" data-element_type=\"widget\" data-e-type=\"widget\" data-settings=\"{&quot;youtube_url&quot;:&quot;https:\\\/\\\/youtu.be\\\/UhLn3wjJUE4?si=f7do_g5YT6kO2bp-&quot;,&quot;video_type&quot;:&quot;youtube&quot;,&quot;controls&quot;:&quot;yes&quot;}\" data-widget_type=\"video.default\">\n\t\t\t\t\t\t\t<div class=\"elementor-wrapper elementor-open-inline\">\n\t\t\t<div class=\"elementor-video\"><\/div>\t\t<\/div>\n\t\t\t\t\t\t<\/div>\n\t\t\t\t<div class=\"elementor-element elementor-element-747c05a elementor-widget elementor-widget-text-editor\" data-id=\"747c05a\" data-element_type=\"widget\" data-e-type=\"widget\" data-widget_type=\"text-editor.default\">\n\t\t\t\t\t\t\t\t\t<p><strong>Video nro: 13<\/strong><\/p><p>Miten asennetaan rullaava vaatetanko TF-5003 Shopfittersilta?<\/p>\t\t\t\t\t\t\t\t<\/div>\n\t\t\t\t<div class=\"elementor-element elementor-element-b9e1d13 elementor-widget elementor-widget-text-editor\" data-id=\"b9e1d13\" data-element_type=\"widget\" data-e-type=\"widget\" data-widget_type=\"text-editor.default\">\n\t\t\t\t\t\t\t\t\t<p><strong>Video nro: 14<\/strong><\/p><p>Miten asennetaan rullaava vaatetanko TF-5026 Shopfittersilta?<\/p>\t\t\t\t\t\t\t\t<\/div>\n\t\t\t\t<div class=\"elementor-element elementor-element-8adb8a8 elementor-widget elementor-widget-text-editor\" data-id=\"8adb8a8\" data-element_type=\"widget\" data-e-type=\"widget\" data-widget_type=\"text-editor.default\">\n\t\t\t\t\t\t\t\t\t<p><strong>Video nro: 15<\/strong><\/p><p class=\"style-scope ytd-watch-metadata\">Smart Rack SMA03 -telineen asentaminen Best Mannequinsilta<\/p>\t\t\t\t\t\t\t\t<\/div>\n\t\t\t\t<div class=\"elementor-element elementor-element-a130293 elementor-widget elementor-widget-text-editor\" data-id=\"a130293\" data-element_type=\"widget\" data-e-type=\"widget\" data-widget_type=\"text-editor.default\">\n\t\t\t\t\t\t\t\t\t<p><strong>Video nro: 16<\/strong><\/p><p class=\"style-scope ytd-watch-metadata\">Museonuken kokoaminen<\/p>\t\t\t\t\t\t\t\t<\/div>\n\t\t\t\t<div class=\"elementor-element elementor-element-2fab46c elementor-widget elementor-widget-video\" data-id=\"2fab46c\" data-element_type=\"widget\" data-e-type=\"widget\" data-settings=\"{&quot;youtube_url&quot;:&quot;https:\\\/\\\/youtu.be\\\/gsrKTwYBL-g?si=01HPuxweHfddrkE_&quot;,&quot;video_type&quot;:&quot;youtube&quot;,&quot;controls&quot;:&quot;yes&quot;}\" data-widget_type=\"video.default\">\n\t\t\t\t\t\t\t<div class=\"elementor-wrapper elementor-open-inline\">\n\t\t\t<div class=\"elementor-video\"><\/div>\t\t<\/div>\n\t\t\t\t\t\t<\/div>\n\t\t\t\t<div class=\"elementor-element elementor-element-dc6aacf elementor-widget elementor-widget-video\" data-id=\"dc6aacf\" data-element_type=\"widget\" data-e-type=\"widget\" data-settings=\"{&quot;youtube_url&quot;:&quot;https:\\\/\\\/youtu.be\\\/34ELAJqLBF4?si=eQpTuRS-8fiDLYw_&quot;,&quot;video_type&quot;:&quot;youtube&quot;,&quot;controls&quot;:&quot;yes&quot;}\" data-widget_type=\"video.default\">\n\t\t\t\t\t\t\t<div class=\"elementor-wrapper elementor-open-inline\">\n\t\t\t<div class=\"elementor-video\"><\/div>\t\t<\/div>\n\t\t\t\t\t\t<\/div>\n\t\t\t\t<div class=\"elementor-element elementor-element-44e4b47 elementor-widget elementor-widget-video\" data-id=\"44e4b47\" data-element_type=\"widget\" data-e-type=\"widget\" data-settings=\"{&quot;youtube_url&quot;:&quot;https:\\\/\\\/youtu.be\\\/PpRWeZMU_Ps?si=_-Qp8AOLmWaYrRgL&quot;,&quot;video_type&quot;:&quot;youtube&quot;,&quot;controls&quot;:&quot;yes&quot;}\" data-widget_type=\"video.default\">\n\t\t\t\t\t\t\t<div class=\"elementor-wrapper elementor-open-inline\">\n\t\t\t<div class=\"elementor-video\"><\/div>\t\t<\/div>\n\t\t\t\t\t\t<\/div>\n\t\t\t\t<div class=\"elementor-element elementor-element-95b94a5 elementor-widget elementor-widget-video\" data-id=\"95b94a5\" data-element_type=\"widget\" data-e-type=\"widget\" data-settings=\"{&quot;youtube_url&quot;:&quot;https:\\\/\\\/youtu.be\\\/BmoCV0YBRKQ?si=XYgoQLgcVJPTAoFX&quot;,&quot;video_type&quot;:&quot;youtube&quot;,&quot;controls&quot;:&quot;yes&quot;}\" data-widget_type=\"video.default\">\n\t\t\t\t\t\t\t<div class=\"elementor-wrapper elementor-open-inline\">\n\t\t\t<div class=\"elementor-video\"><\/div>\t\t<\/div>\n\t\t\t\t\t\t<\/div>\n\t\t\t\t<div class=\"elementor-element elementor-element-9d73a50 elementor-widget elementor-widget-text-editor\" data-id=\"9d73a50\" data-element_type=\"widget\" data-e-type=\"widget\" data-widget_type=\"text-editor.default\">\n\t\t\t\t\t\t\t\t\t<p><strong>Video nro: 17<\/strong><\/p><p>Kuinka asentaa Smart Rack SMA02 Butiksinredarnasta?<\/p>\t\t\t\t\t\t\t\t<\/div>\n\t\t\t\t<div class=\"elementor-element elementor-element-ad11fbf elementor-widget elementor-widget-text-editor\" data-id=\"ad11fbf\" data-element_type=\"widget\" data-e-type=\"widget\" data-widget_type=\"text-editor.default\">\n\t\t\t\t\t\t\t\t\t<p><strong>Video nro: 18<\/strong><\/p><p>Kuinka asentaa Smart Rack SMA01 Butiksinredarnasta?<\/p>\t\t\t\t\t\t\t\t<\/div>\n\t\t\t\t<div class=\"elementor-element elementor-element-98d4b22 elementor-widget elementor-widget-text-editor\" data-id=\"98d4b22\" data-element_type=\"widget\" data-e-type=\"widget\" data-widget_type=\"text-editor.default\">\n\t\t\t\t\t\t\t\t\t<p><strong>Video nro: 19<\/strong><\/p><p>Vaatetelineen TF-521V2_80_CR asennus<\/p>\t\t\t\t\t\t\t\t<\/div>\n\t\t\t\t<div class=\"elementor-element elementor-element-f016f58 elementor-widget elementor-widget-text-editor\" data-id=\"f016f58\" data-element_type=\"widget\" data-e-type=\"widget\" data-widget_type=\"text-editor.default\">\n\t\t\t\t\t\t\t\t\t<p><strong>Video nro: 20<\/strong><\/p><p>Miten s\u00e4\u00e4d\u00e4t mannekiinivarren kireytt\u00e4?<\/p>\t\t\t\t\t\t\t\t<\/div>\n\t\t\t\t<div class=\"elementor-element elementor-element-b0de3aa elementor-widget elementor-widget-video\" data-id=\"b0de3aa\" data-element_type=\"widget\" data-e-type=\"widget\" data-settings=\"{&quot;youtube_url&quot;:&quot;https:\\\/\\\/youtu.be\\\/ghZXy5K9bLE?si=Xa4tcP6V2Jp_thVy&quot;,&quot;video_type&quot;:&quot;youtube&quot;,&quot;controls&quot;:&quot;yes&quot;}\" data-widget_type=\"video.default\">\n\t\t\t\t\t\t\t<div class=\"elementor-wrapper elementor-open-inline\">\n\t\t\t<div class=\"elementor-video\"><\/div>\t\t<\/div>\n\t\t\t\t\t\t<\/div>\n\t\t\t\t<div class=\"elementor-element elementor-element-dc510fb elementor-widget elementor-widget-video\" data-id=\"dc510fb\" data-element_type=\"widget\" data-e-type=\"widget\" data-settings=\"{&quot;youtube_url&quot;:&quot;https:\\\/\\\/youtu.be\\\/kz3B_LtEH0o?si=0AJUuuOytfpF5_i3&quot;,&quot;video_type&quot;:&quot;youtube&quot;,&quot;controls&quot;:&quot;yes&quot;}\" data-widget_type=\"video.default\">\n\t\t\t\t\t\t\t<div class=\"elementor-wrapper elementor-open-inline\">\n\t\t\t<div class=\"elementor-video\"><\/div>\t\t<\/div>\n\t\t\t\t\t\t<\/div>\n\t\t\t\t<div class=\"elementor-element elementor-element-c861c2e elementor-widget elementor-widget-video\" data-id=\"c861c2e\" data-element_type=\"widget\" data-e-type=\"widget\" data-settings=\"{&quot;youtube_url&quot;:&quot;https:\\\/\\\/youtu.be\\\/l3Xy01nX0gc?si=bU7Da5vhTrbON6bq&quot;,&quot;video_type&quot;:&quot;youtube&quot;,&quot;controls&quot;:&quot;yes&quot;}\" data-widget_type=\"video.default\">\n\t\t\t\t\t\t\t<div class=\"elementor-wrapper elementor-open-inline\">\n\t\t\t<div class=\"elementor-video\"><\/div>\t\t<\/div>\n\t\t\t\t\t\t<\/div>\n\t\t\t\t<div class=\"elementor-element elementor-element-91570df elementor-widget elementor-widget-text-editor\" data-id=\"91570df\" data-element_type=\"widget\" data-e-type=\"widget\" data-widget_type=\"text-editor.default\">\n\t\t\t\t\t\t\t\t\t<p>.<\/p>\t\t\t\t\t\t\t\t<\/div>\n\t\t\t\t<div class=\"elementor-element elementor-element-7fa796d elementor-widget elementor-widget-text-editor\" data-id=\"7fa796d\" data-element_type=\"widget\" data-e-type=\"widget\" data-widget_type=\"text-editor.default\">\n\t\t\t\t\t\t\t\t\t<p><strong>Video nro: 21<\/strong><\/p><p>Miten joustavaa pyyhk\u00e4isy\u00e4 s\u00e4\u00e4det\u00e4\u00e4n<\/p>\t\t\t\t\t\t\t\t<\/div>\n\t\t\t\t<div class=\"elementor-element elementor-element-0318266 elementor-widget elementor-widget-text-editor\" data-id=\"0318266\" data-element_type=\"widget\" data-e-type=\"widget\" data-widget_type=\"text-editor.default\">\n\t\t\t\t\t\t\t\t\t<p><strong>Video nro: 22<\/strong><\/p><p>Packshot V-kaula-aukkoinen paita<\/p>\t\t\t\t\t\t\t\t<\/div>\n\t\t\t\t<div class=\"elementor-element elementor-element-ccd65d0 elementor-widget elementor-widget-text-editor\" data-id=\"ccd65d0\" data-element_type=\"widget\" data-e-type=\"widget\" data-widget_type=\"text-editor.default\">\n\t\t\t\t\t\t\t\t\t<p><strong>Video nro: 23<\/strong><\/p><p>Packshot mallinukke - jersey edition<\/p>\t\t\t\t\t\t\t\t<\/div>\n\t\t\t\t<\/div>\n\t\t\t\t\t<\/div>\n\t\t\t\t<\/div>\n\t\t\t\t<\/div>","protected":false},"excerpt":{"rendered":"<p>https:\/\/youtu.be\/qyg6s7CyPJQ?si=bFRMk_uD4rpcNsbnhttps:\/\/youtu.be\/Om_DF5eS484?si=4fki8xy9ZYGH9cW1https:\/\/youtu.be\/nFYkhpf8BjA?si=XUGK6ll3SD6oYezshttps:\/\/youtu.be\/MrfH-OHXs1s?si=AHyLsne1Ihae1sed Video nro: 1 Miten asennetaan SINCERE-nukke Shopfittersilt\u00e4 Video nro: 2 Miten asennetaan OMNIA-torso Shopfittersilt\u00e4 Video nro: 3 Miten asennetaan rullaava vaatetanko TF-521V2 Shopfittersilt\u00e4 Video nro: 4 Miten asennetaan rullaava vaatetanko TF-502V2 Shopfittersilt\u00e4 https:\/\/youtu.be\/8jzttNs4Ox0?si=9kSJGM29FUWnKBHQhttps:\/\/youtu.be\/oR52kJcF594?si=Gkc2zNg-VUfvU3LIhttps:\/\/youtu.be\/kF0AyDFpB4g?si=K28RnlAhfu39hFY1https:\/\/youtu.be\/bcUUdESTLFo?si=JRzIIautyn-lsocQ Video nro: 5 Miten asennetaan rullaava vaatetanko TF-504V2 Shopfittersilt\u00e4<\/p>\n<div class=\"klb-readmore entry-button\"><a class=\"btn link\" href=\"http:\/\/mallinuket.fi\/fi\/video-galleria\/\">Lue lis\u00e4\u00e4 <i class=\"klbth-icon-right-arrow\"><\/i><\/a><\/div>","protected":false},"author":1,"featured_media":0,"parent":0,"menu_order":0,"comment_status":"closed","ping_status":"closed","template":"","meta":{"footnotes":""},"wf_page_folders":[],"class_list":["post-21544","page","type-page","status-publish","hentry"],"_links":{"self":[{"href":"http:\/\/mallinuket.fi\/fi\/wp-json\/wp\/v2\/pages\/21544","targetHints":{"allow":["GET"]}}],"collection":[{"href":"http:\/\/mallinuket.fi\/fi\/wp-json\/wp\/v2\/pages"}],"about":[{"href":"http:\/\/mallinuket.fi\/fi\/wp-json\/wp\/v2\/types\/page"}],"author":[{"embeddable":true,"href":"http:\/\/mallinuket.fi\/fi\/wp-json\/wp\/v2\/users\/1"}],"replies":[{"embeddable":true,"href":"http:\/\/mallinuket.fi\/fi\/wp-json\/wp\/v2\/comments?post=21544"}],"version-history":[{"count":148,"href":"http:\/\/mallinuket.fi\/fi\/wp-json\/wp\/v2\/pages\/21544\/revisions"}],"predecessor-version":[{"id":22621,"href":"http:\/\/mallinuket.fi\/fi\/wp-json\/wp\/v2\/pages\/21544\/revisions\/22621"}],"wp:attachment":[{"href":"http:\/\/mallinuket.fi\/fi\/wp-json\/wp\/v2\/media?parent=21544"}],"wp:term":[{"taxonomy":"wf_page_folders","embeddable":true,"href":"http:\/\/mallinuket.fi\/fi\/wp-json\/wp\/v2\/wf_page_folders?post=21544"}],"curies":[{"name":"wp","href":"https:\/\/api.w.org\/{rel}","templated":true}]}}