{"id":21456,"date":"2025-11-20T15:15:21","date_gmt":"2025-11-20T15:15:21","guid":{"rendered":"http:\/\/mallinuket.fi\/?page_id=21456"},"modified":"2025-11-27T08:15:41","modified_gmt":"2025-11-27T08:15:41","slug":"uudelleenmaalaus","status":"publish","type":"page","link":"https:\/\/mallinuket.fi\/fi\/omlackering\/","title":{"rendered":"Uudelleenmaalaus"},"content":{"rendered":"<div data-elementor-type=\"wp-page\" data-elementor-id=\"21456\" class=\"elementor elementor-21456\" data-elementor-post-type=\"page\">\n\t\t\t\t<div class=\"elementor-element elementor-element-1e81114 e-flex e-con-boxed e-con e-parent\" data-id=\"1e81114\" data-element_type=\"container\" data-e-type=\"container\">\n\t\t\t\t\t<div class=\"e-con-inner\">\n\t\t\t\t<div class=\"elementor-element elementor-element-2f721d0 elementor-widget elementor-widget-text-editor\" data-id=\"2f721d0\" data-element_type=\"widget\" data-e-type=\"widget\" data-widget_type=\"text-editor.default\">\n\t\t\t\t\t\t\t\t\t<h3>Mallinuken uudelleenmaalaus<\/h3><p>T\u00e4ll\u00e4 hetkell\u00e4 voimme maalata mallinuket uudelleen muihin v\u00e4reihin alla olevan v\u00e4rikartan mukaisesti. On my\u00f6s mahdollista saada oma v\u00e4risi RAL-, NCS- tai PMS-v\u00e4rien mukaan.<\/p><p>Sit\u00e4 sovelletaan seuraaviin kokoelmiin:<\/p><p>Vilpit\u00f6n, Boho Chic, Maison Marlu, Rento, Muodossa, Vaikuta, Urbaani, Salainen, Salaisuus, Ulottuvuus, Kuvittele, Cosmo, Kosminen, Atlantti, Aberdeen, Vahva, Antaumuksellinen<\/p>\t\t\t\t\t\t\t\t<\/div>\n\t\t\t\t<div class=\"elementor-element elementor-element-15b4ed4 elementor-widget elementor-widget-image\" data-id=\"15b4ed4\" data-element_type=\"widget\" data-e-type=\"widget\" data-widget_type=\"image.default\">\n\t\t\t\t\t\t\t\t\t\t\t\t\t\t\t<img fetchpriority=\"high\" decoding=\"async\" width=\"960\" height=\"614\" src=\"https:\/\/mallinuket.fi\/wp-content\/uploads\/2025\/11\/repaint-color-1024x655.jpg\" class=\"attachment-large size-large wp-image-21458\" alt=\"\" srcset=\"https:\/\/mallinuket.fi\/wp-content\/uploads\/2025\/11\/repaint-color-1024x655.jpg 1024w, https:\/\/mallinuket.fi\/wp-content\/uploads\/2025\/11\/repaint-color-300x192.jpg 300w, https:\/\/mallinuket.fi\/wp-content\/uploads\/2025\/11\/repaint-color-768x491.jpg 768w, https:\/\/mallinuket.fi\/wp-content\/uploads\/2025\/11\/repaint-color-400x256.jpg 400w, https:\/\/mallinuket.fi\/wp-content\/uploads\/2025\/11\/repaint-color-600x384.jpg 600w, https:\/\/mallinuket.fi\/wp-content\/uploads\/2025\/11\/repaint-color-84x54.jpg 84w, https:\/\/mallinuket.fi\/wp-content\/uploads\/2025\/11\/repaint-color.jpg 1046w\" sizes=\"(max-width: 960px) 100vw, 960px\" \/>\t\t\t\t\t\t\t\t\t\t\t\t\t\t\t<\/div>\n\t\t<div class=\"elementor-element elementor-element-b88f030 e-con-full e-flex e-con e-child\" data-id=\"b88f030\" data-element_type=\"container\" data-e-type=\"container\">\n\t\t\t\t<div class=\"elementor-element elementor-element-7d5c827 elementor-widget__width-initial elementor-widget elementor-widget-text-editor\" data-id=\"7d5c827\" data-element_type=\"widget\" data-e-type=\"widget\" data-widget_type=\"text-editor.default\">\n\t\t\t\t\t\t\t\t\t<p><strong>Hinnasto:<\/strong><br \/>Kokovartalo aikuinen: 1750 kr<br \/>Koko kehon lapsi: 1550 kr<br \/>Puolikas runko: 1200 kr<\/p><p><strong>Mukautettu v\u00e4rikoodi:<\/strong> 1 mallinukke 3500 SEK. 2 tai enemm\u00e4n 1950 SEK\/kpl<\/p><p><strong>Toimitusajat:<\/strong><br \/>Jos haluat maalata nuken uudelleen, toimitus kest\u00e4\u00e4 3-5 p\u00e4iv\u00e4\u00e4. Meid\u00e4n on otettava huomioon l\u00e4hinn\u00e4 kuivumisaika. Nuken on oltava t\u00e4ysin kuiva ennen kuin se voidaan pakata uudelleen pahviin.<br \/>T\u00e4ss\u00e4 n\u00e4et esimerkkej\u00e4 yleisimmist\u00e4 v\u00e4reist\u00e4mme.<\/p>\t\t\t\t\t\t\t\t<\/div>\n\t\t\t\t<\/div>\n\t\t\t\t<div class=\"elementor-element elementor-element-fe49457 elementor-widget elementor-widget-image\" data-id=\"fe49457\" data-element_type=\"widget\" data-e-type=\"widget\" data-widget_type=\"image.default\">\n\t\t\t\t\t\t\t\t\t\t\t\t\t\t\t<img decoding=\"async\" width=\"884\" height=\"476\" src=\"https:\/\/mallinuket.fi\/wp-content\/uploads\/2025\/11\/color-map-1.jpg\" class=\"attachment-large size-large wp-image-21459\" alt=\"\" srcset=\"https:\/\/mallinuket.fi\/wp-content\/uploads\/2025\/11\/color-map-1.jpg 884w, https:\/\/mallinuket.fi\/wp-content\/uploads\/2025\/11\/color-map-1-300x162.jpg 300w, https:\/\/mallinuket.fi\/wp-content\/uploads\/2025\/11\/color-map-1-768x414.jpg 768w, https:\/\/mallinuket.fi\/wp-content\/uploads\/2025\/11\/color-map-1-400x215.jpg 400w, https:\/\/mallinuket.fi\/wp-content\/uploads\/2025\/11\/color-map-1-600x323.jpg 600w, https:\/\/mallinuket.fi\/wp-content\/uploads\/2025\/11\/color-map-1-90x48.jpg 90w\" sizes=\"(max-width: 884px) 100vw, 884px\" \/>\t\t\t\t\t\t\t\t\t\t\t\t\t\t\t<\/div>\n\t\t\t\t<div class=\"elementor-element elementor-element-b19ba1c elementor-widget elementor-widget-image\" data-id=\"b19ba1c\" data-element_type=\"widget\" data-e-type=\"widget\" data-widget_type=\"image.default\">\n\t\t\t\t\t\t\t\t\t\t\t\t\t\t\t<img decoding=\"async\" width=\"884\" height=\"476\" src=\"https:\/\/mallinuket.fi\/wp-content\/uploads\/2025\/11\/color-map-2.jpg\" class=\"attachment-large size-large wp-image-21460\" alt=\"\" srcset=\"https:\/\/mallinuket.fi\/wp-content\/uploads\/2025\/11\/color-map-2.jpg 884w, https:\/\/mallinuket.fi\/wp-content\/uploads\/2025\/11\/color-map-2-300x162.jpg 300w, https:\/\/mallinuket.fi\/wp-content\/uploads\/2025\/11\/color-map-2-768x414.jpg 768w, https:\/\/mallinuket.fi\/wp-content\/uploads\/2025\/11\/color-map-2-400x215.jpg 400w, https:\/\/mallinuket.fi\/wp-content\/uploads\/2025\/11\/color-map-2-600x323.jpg 600w, https:\/\/mallinuket.fi\/wp-content\/uploads\/2025\/11\/color-map-2-90x48.jpg 90w\" sizes=\"(max-width: 884px) 100vw, 884px\" \/>\t\t\t\t\t\t\t\t\t\t\t\t\t\t\t<\/div>\n\t\t\t\t<div class=\"elementor-element elementor-element-561686d elementor-widget elementor-widget-image\" data-id=\"561686d\" data-element_type=\"widget\" data-e-type=\"widget\" data-widget_type=\"image.default\">\n\t\t\t\t\t\t\t\t\t\t\t\t\t\t\t<img loading=\"lazy\" decoding=\"async\" width=\"884\" height=\"476\" src=\"https:\/\/mallinuket.fi\/wp-content\/uploads\/2025\/11\/color-map-3.jpg\" class=\"attachment-large size-large wp-image-21461\" alt=\"\" srcset=\"https:\/\/mallinuket.fi\/wp-content\/uploads\/2025\/11\/color-map-3.jpg 884w, https:\/\/mallinuket.fi\/wp-content\/uploads\/2025\/11\/color-map-3-300x162.jpg 300w, https:\/\/mallinuket.fi\/wp-content\/uploads\/2025\/11\/color-map-3-768x414.jpg 768w, https:\/\/mallinuket.fi\/wp-content\/uploads\/2025\/11\/color-map-3-400x215.jpg 400w, https:\/\/mallinuket.fi\/wp-content\/uploads\/2025\/11\/color-map-3-600x323.jpg 600w, https:\/\/mallinuket.fi\/wp-content\/uploads\/2025\/11\/color-map-3-90x48.jpg 90w\" sizes=\"(max-width: 884px) 100vw, 884px\" \/>\t\t\t\t\t\t\t\t\t\t\t\t\t\t\t<\/div>\n\t\t\t\t\t<\/div>\n\t\t\t\t<\/div>\n\t\t\t\t<\/div>","protected":false},"excerpt":{"rendered":"<p>Omlackering av skyltdocka I dagsl\u00e4get kan vi lackera om skyltdockor till andra f\u00e4rger enligt v\u00e5r f\u00e4rgkarta nedan. Det g\u00e5r \u00e4ven att f\u00e5 en egen f\u00e4rg enligt RAL, NCS eller PMS. De kollektioner som det g\u00e4ller f\u00f6r, \u00e4r dessa: Sincere, Boho Chic, Maison Marlu, Casual, In Shape, Impress, Urban, Secret, Outreach, Imagine, Cosmo, Cosmic, Atlantic, Aberdeen,<\/p>\n<div class=\"klb-readmore entry-button\"><a class=\"btn link\" href=\"https:\/\/mallinuket.fi\/fi\/omlackering\/\">Lue lis\u00e4\u00e4 <i class=\"klbth-icon-right-arrow\"><\/i><\/a><\/div>","protected":false},"author":1,"featured_media":0,"parent":0,"menu_order":0,"comment_status":"closed","ping_status":"closed","template":"","meta":{"footnotes":""},"wf_page_folders":[],"class_list":["post-21456","page","type-page","status-publish","hentry"],"_links":{"self":[{"href":"https:\/\/mallinuket.fi\/fi\/wp-json\/wp\/v2\/pages\/21456","targetHints":{"allow":["GET"]}}],"collection":[{"href":"https:\/\/mallinuket.fi\/fi\/wp-json\/wp\/v2\/pages"}],"about":[{"href":"https:\/\/mallinuket.fi\/fi\/wp-json\/wp\/v2\/types\/page"}],"author":[{"embeddable":true,"href":"https:\/\/mallinuket.fi\/fi\/wp-json\/wp\/v2\/users\/1"}],"replies":[{"embeddable":true,"href":"https:\/\/mallinuket.fi\/fi\/wp-json\/wp\/v2\/comments?post=21456"}],"version-history":[{"count":25,"href":"https:\/\/mallinuket.fi\/fi\/wp-json\/wp\/v2\/pages\/21456\/revisions"}],"predecessor-version":[{"id":22452,"href":"https:\/\/mallinuket.fi\/fi\/wp-json\/wp\/v2\/pages\/21456\/revisions\/22452"}],"wp:attachment":[{"href":"https:\/\/mallinuket.fi\/fi\/wp-json\/wp\/v2\/media?parent=21456"}],"wp:term":[{"taxonomy":"wf_page_folders","embeddable":true,"href":"https:\/\/mallinuket.fi\/fi\/wp-json\/wp\/v2\/wf_page_folders?post=21456"}],"curies":[{"name":"wp","href":"https:\/\/api.w.org\/{rel}","templated":true}]}}