{"id":23990,"date":"2026-01-13T11:23:21","date_gmt":"2026-01-13T11:23:21","guid":{"rendered":"http:\/\/mallinuket.fi\/?post_type=product&#038;p=23990"},"modified":"2026-03-28T23:00:14","modified_gmt":"2026-03-28T23:00:14","slug":"cosmic-f37","status":"publish","type":"product","link":"https:\/\/mallinuket.fi\/fi\/product\/cosmic-f37\/","title":{"rendered":"COSMIC F37"},"content":{"rendered":"<p>KOSMINEN KOKOELMA<\/p>","protected":false},"excerpt":{"rendered":"<p>ABS on muovityyppi, joka n\u00e4ytt\u00e4\u00e4 ja tuntuu perinteiselt\u00e4 lasikuidulta, mutta joka kest\u00e4\u00e4<br \/>\nhuomattavasti kovempi k\u00e4sittely. Materiaali on k\u00e4yt\u00e4nn\u00f6ss\u00e4 murtumatonta.<br \/>\nLyhyesti sanottuna t\u00e4m\u00e4 on tulevaisuuden materiaali mallinukkeja varten.<br \/>\nSe on erinomainen materiaali ja my\u00f6s 100% kierr\u00e4tett\u00e4viss\u00e4,<br \/>\nja valmistusmenetelm\u00e4 on my\u00f6s huomattavasti ymp\u00e4rist\u00f6yst\u00e4v\u00e4llisempi.<\/p>\n<p>Nukessa on vaihdettavat osat, kuten p\u00e4\u00e4 ja k\u00e4sivarret sek\u00e4 yl\u00e4- ja alavartalo. P\u00e4\u00e4ll\u00e4<br \/>\nN\u00e4in voit luoda uusia malleja helposti ja edullisesti.<br \/>\ntapa<\/p>\n<p>Kaikki p\u00e4\u00e4t sopivat sek\u00e4 yl\u00e4vartaloon ett\u00e4 kokovartaloon. Kaikki liittimet\u201d<br \/>\nkytkimet ovat magneetti- tai bajonettityyppisi\u00e4. Jalkalevy harjattua alumiinia<br \/>\nruostumaton ter\u00e4s.<\/p>\n<p><b>Mallin kuvaus<\/b><\/p>\n<table border=\"0\" width=\"60%\" cellspacing=\"3\" cellpadding=\"0\">\n<tbody>\n<tr>\n<td><\/td>\n<td>malli<\/td>\n<td>Nainen<\/td>\n<\/tr>\n<tr>\n<td width=\"3%\"><\/td>\n<td width=\"17%\">Strl<\/td>\n<td width=\"80%\">36<\/td>\n<\/tr>\n<tr>\n<td><\/td>\n<td>Pituus<\/td>\n<td>178 cm<\/td>\n<\/tr>\n<tr>\n<td><\/td>\n<td>Hartiat<\/td>\n<td>34cm<\/td>\n<\/tr>\n<tr>\n<td><\/td>\n<td>Rinnanymp\u00e4rys<\/td>\n<td>84 cm<\/td>\n<\/tr>\n<tr>\n<td><\/td>\n<td>Vy\u00f6t\u00e4r\u00f6<\/td>\n<td>63 cm<\/td>\n<\/tr>\n<tr>\n<td><\/td>\n<td>Lantio<\/td>\n<td>84 cm<\/td>\n<\/tr>\n<tr>\n<td><\/td>\n<td><\/td>\n<td><\/td>\n<\/tr>\n<tr>\n<td><\/td>\n<td>V\u00e4ri<\/td>\n<td>Matta valkoinen<\/td>\n<\/tr>\n<tr>\n<td><\/td>\n<td>materiaali<\/td>\n<td>ABS<\/td>\n<\/tr>\n<tr>\n<td><\/td>\n<td>Jalkalevy<\/td>\n<td>Kyll\u00e4, neliskanttinen metallilevy<\/td>\n<\/tr>\n<tr>\n<td><\/td>\n<td>Vasikan jalusta<\/td>\n<td>Kyll\u00e4<\/td>\n<\/tr>\n<tr>\n<td><\/td>\n<td>Jalkatappi<\/td>\n<td>Kyll\u00e4<\/td>\n<\/tr>\n<tr>\n<td><\/td>\n<td>Skostrl<\/td>\n<td>38<\/td>\n<\/tr>\n<tr>\n<td><\/td>\n<td>clack<\/td>\n<td>10cm<\/td>\n<\/tr>\n<tr>\n<td><\/td>\n<td>Farkkujen koko<\/td>\n<td>27-28 L30<\/td>\n<\/tr>\n<tr>\n<td><\/td>\n<td>Naarmuuntumisenesto<\/td>\n<td>Kyll\u00e4<\/td>\n<\/tr>\n<tr>\n<td><\/td>\n<td><\/td>\n<td><\/td>\n<\/tr>\n<tr>\n<td><\/td>\n<td>Volume<\/td>\n<td>K: 178cm, L: 63cm, S: 25cm.<\/td>\n<\/tr>\n<tr>\n<td><\/td>\n<td>Paino<\/td>\n<td>11kg<\/td>\n<\/tr>\n<tr>\n<td><\/td>\n<td>Pahvilaatikko<\/td>\n<td>107x39x34 cm<\/td>\n<\/tr>\n<\/tbody>\n<\/table>\n<p>Luettelo<br \/>\n<a title=\"PDF-luettelo\" href=\"http:\/\/mallinuket.fi\/fi\/pdf\/mallinuket\/cosmo.pdf\/\" target=\"_blank\" rel=\"noopener\"> <img decoding=\"async\" src=\"http:\/\/mallinuket.fi\/wp-content\/uploads\/image\/pdflogo.jpg\" alt=\"pdflogo.jpg\" width=\"50\" height=\"50\" \/><\/a><\/p>","protected":false},"featured_media":23991,"comment_status":"closed","ping_status":"closed","template":"","meta":[],"product_brand":[],"product_cat":[489],"product_tag":[],"class_list":{"0":"post-23990","1":"product","2":"type-product","3":"status-publish","4":"has-post-thumbnail","6":"product_cat-cosmic","8":"first","9":"instock","10":"taxable","11":"shipping-taxable","12":"purchasable","13":"product-type-simple"},"_links":{"self":[{"href":"https:\/\/mallinuket.fi\/fi\/wp-json\/wp\/v2\/product\/23990","targetHints":{"allow":["GET"]}}],"collection":[{"href":"https:\/\/mallinuket.fi\/fi\/wp-json\/wp\/v2\/product"}],"about":[{"href":"https:\/\/mallinuket.fi\/fi\/wp-json\/wp\/v2\/types\/product"}],"replies":[{"embeddable":true,"href":"https:\/\/mallinuket.fi\/fi\/wp-json\/wp\/v2\/comments?post=23990"}],"wp:featuredmedia":[{"embeddable":true,"href":"https:\/\/mallinuket.fi\/fi\/wp-json\/wp\/v2\/media\/23991"}],"wp:attachment":[{"href":"https:\/\/mallinuket.fi\/fi\/wp-json\/wp\/v2\/media?parent=23990"}],"wp:term":[{"taxonomy":"product_brand","embeddable":true,"href":"https:\/\/mallinuket.fi\/fi\/wp-json\/wp\/v2\/product_brand?post=23990"},{"taxonomy":"product_cat","embeddable":true,"href":"https:\/\/mallinuket.fi\/fi\/wp-json\/wp\/v2\/product_cat?post=23990"},{"taxonomy":"product_tag","embeddable":true,"href":"https:\/\/mallinuket.fi\/fi\/wp-json\/wp\/v2\/product_tag?post=23990"}],"curies":[{"name":"wp","href":"https:\/\/api.w.org\/{rel}","templated":true}]}}