{"id":24183,"date":"2026-02-09T19:38:12","date_gmt":"2026-02-09T19:38:12","guid":{"rendered":"http:\/\/mallinuket.fi\/?post_type=product&#038;p=24183"},"modified":"2026-03-28T23:00:09","modified_gmt":"2026-03-28T23:00:09","slug":"huippu-urheilu-053-frp","status":"publish","type":"product","link":"https:\/\/mallinuket.fi\/fi\/product\/top-sports-053-frp\/","title":{"rendered":"Huippu-urheilu 053"},"content":{"rendered":"<p>Lady mallinukke Top Urheilu<\/p>","protected":false},"excerpt":{"rendered":"<p>KOKOELMA TOP SPORTS - GRAFIITINHARMAA<\/p>\n<p>Nukke, abstraktin muotoinen p\u00e4\u00e4, ekologisesti valmistettu, FRP-lakattu matta grafiitinharmaaksi, sis. metallisen jalkalevyn ja vasikkatelineen. Maila EI sis\u00e4lly.<\/p>\n<p><b>Mallin kuvaus<\/b><\/p>\n<table border=\"0\" width=\"60%\" cellspacing=\"3\" cellpadding=\"0\">\n<tbody>\n<tr>\n<td><\/td>\n<td>malli<\/td>\n<td>Nainen<\/td>\n<\/tr>\n<tr>\n<td width=\"3%\"><\/td>\n<td width=\"17%\">Strl<\/td>\n<td width=\"80%\">36\/38<\/td>\n<\/tr>\n<tr>\n<td><\/td>\n<td>Pituus<\/td>\n<td>182 cm<\/td>\n<\/tr>\n<tr>\n<td><\/td>\n<td>Kokonaiskorkeus<\/td>\n<td>155 cm<\/td>\n<\/tr>\n<tr>\n<td><\/td>\n<td>P\u00e4\u00e4<\/td>\n<td>56 cm \u00d8<\/td>\n<\/tr>\n<tr>\n<td><\/td>\n<td>Hartiat<\/td>\n<td>39cm<\/td>\n<\/tr>\n<tr>\n<td><\/td>\n<td>Rinnanymp\u00e4rys<\/td>\n<td>89 cm<\/td>\n<\/tr>\n<tr>\n<td><\/td>\n<td>Alempi rinta<\/td>\n<td>- cm<\/td>\n<\/tr>\n<tr>\n<td><\/td>\n<td>Vy\u00f6t\u00e4r\u00f6<\/td>\n<td>65cm<\/td>\n<\/tr>\n<tr>\n<td><\/td>\n<td>Lantio<\/td>\n<td>86 cm<\/td>\n<\/tr>\n<tr>\n<td><\/td>\n<td>Reidet<\/td>\n<td>- cm \u00d8<\/td>\n<\/tr>\n<tr>\n<td><\/td>\n<td>Mik\u00e4 on<\/td>\n<td>- cm \u00d8<\/td>\n<\/tr>\n<tr>\n<td><\/td>\n<td>Kantap\u00e4\u00e4n korkeus<\/td>\n<td>0 cm<\/td>\n<\/tr>\n<tr>\n<td><\/td>\n<td><\/td>\n<td><\/td>\n<\/tr>\n<tr>\n<td><\/td>\n<td>V\u00e4ri<\/td>\n<td>Vaaleanharmaa matta. RAL:7024<\/td>\n<\/tr>\n<tr>\n<td><\/td>\n<td>materiaali<\/td>\n<td>FRP (lasikuitu)<\/td>\n<\/tr>\n<tr>\n<td><\/td>\n<td>Jalkalevy<\/td>\n<td>Kyll\u00e4, metalli 40\u00d740 cm<\/td>\n<\/tr>\n<tr>\n<td><\/td>\n<td>Vasikan jalusta<\/td>\n<td>Kyll\u00e4<\/td>\n<\/tr>\n<tr>\n<td><\/td>\n<td>Jalkatappi<\/td>\n<td>Kyll\u00e4<\/td>\n<\/tr>\n<tr>\n<td><\/td>\n<td>Skostrl<\/td>\n<td>37<\/td>\n<\/tr>\n<tr>\n<td><\/td>\n<td>Farkkujen koko<\/td>\n<td>27-28 L30<\/td>\n<\/tr>\n<tr>\n<td><\/td>\n<td>Naarmuuntumisenesto<\/td>\n<td>Kyll\u00e4<\/td>\n<\/tr>\n<tr>\n<td><\/td>\n<td>Broad<\/td>\n<td>79 cm<\/td>\n<\/tr>\n<tr>\n<td><\/td>\n<td>Syvyys<\/td>\n<td>81 cm<\/td>\n<\/tr>\n<tr>\n<td><\/td>\n<td>Paino<\/td>\n<td>18kg<\/td>\n<\/tr>\n<\/tbody>\n<\/table>\n<p>&nbsp;<\/p>\n<p>Katso kokoelman PDF-luettelo.<\/p>\n<p><a href=\"http:\/\/mallinuket.fi\/fi\/pdf\/mallinuket\/top-sports.pdf\/\" target=\"_blank\" rel=\"noopener\"><img decoding=\"async\" src=\"http:\/\/mallinuket.fi\/wp-content\/uploads\/image\/pdflogo.jpg\" alt=\"pdflogo.jpg\" width=\"50\" height=\"50\" \/><\/a><\/p>\n<p>Kokoaminen.<\/p>\n<p><a href=\"http:\/\/mallinuket.fi\/fi\/pdf\/mallinuket\/montering-topsports.pdf\/\" target=\"_blank\" rel=\"noopener\"><img decoding=\"async\" src=\"http:\/\/mallinuket.fi\/wp-content\/uploads\/image\/pdflogo.jpg\" alt=\"pdflogo.jpg\" width=\"50\" height=\"50\" \/><br \/>\n<\/a><\/p>","protected":false},"featured_media":24184,"comment_status":"open","ping_status":"closed","template":"","meta":[],"product_brand":[],"product_cat":[244],"product_tag":[],"class_list":{"0":"post-24183","1":"product","2":"type-product","3":"status-publish","4":"has-post-thumbnail","6":"product_cat-top-sports","8":"first","9":"instock","10":"taxable","11":"shipping-taxable","12":"purchasable","13":"product-type-simple"},"_links":{"self":[{"href":"https:\/\/mallinuket.fi\/fi\/wp-json\/wp\/v2\/product\/24183","targetHints":{"allow":["GET"]}}],"collection":[{"href":"https:\/\/mallinuket.fi\/fi\/wp-json\/wp\/v2\/product"}],"about":[{"href":"https:\/\/mallinuket.fi\/fi\/wp-json\/wp\/v2\/types\/product"}],"replies":[{"embeddable":true,"href":"https:\/\/mallinuket.fi\/fi\/wp-json\/wp\/v2\/comments?post=24183"}],"wp:featuredmedia":[{"embeddable":true,"href":"https:\/\/mallinuket.fi\/fi\/wp-json\/wp\/v2\/media\/24184"}],"wp:attachment":[{"href":"https:\/\/mallinuket.fi\/fi\/wp-json\/wp\/v2\/media?parent=24183"}],"wp:term":[{"taxonomy":"product_brand","embeddable":true,"href":"https:\/\/mallinuket.fi\/fi\/wp-json\/wp\/v2\/product_brand?post=24183"},{"taxonomy":"product_cat","embeddable":true,"href":"https:\/\/mallinuket.fi\/fi\/wp-json\/wp\/v2\/product_cat?post=24183"},{"taxonomy":"product_tag","embeddable":true,"href":"https:\/\/mallinuket.fi\/fi\/wp-json\/wp\/v2\/product_tag?post=24183"}],"curies":[{"name":"wp","href":"https:\/\/api.w.org\/{rel}","templated":true}]}}