{"id":2916,"date":"2010-02-08T15:06:03","date_gmt":"2010-02-08T15:06:03","guid":{"rendered":"http:\/\/mallinuket.fi\/?product=torso-herr"},"modified":"2025-12-15T12:46:46","modified_gmt":"2025-12-15T12:46:46","slug":"ylavartalo-mr-4","status":"publish","type":"product","link":"https:\/\/mallinuket.fi\/fi\/product\/torso-herr-4\/","title":{"rendered":"Torso Mr"},"content":{"rendered":"<p>Laadukas ja hyvin viimeistelty p\u00e4\u00e4t\u00f6n torso lasikuidusta. Sopii<\/p>","protected":false},"excerpt":{"rendered":"<p>Laadukas ja hyvin viimeistelty p\u00e4\u00e4t\u00f6n torso lasikuidusta. Sopii korokkeelle, hyllylle tai jalustalle.<\/p>\n<p>Kaulan kiinnike ja johto sis\u00e4ltyv\u00e4t toimitukseen.<br \/> Jalusta EI sis\u00e4lly, katso tarvikkeet kuvasta.<\/p>\n<p>T\u00e4m\u00e4 malli on saatavana valkoisena tai mustana.<\/p>\n<p><b>Mallin kuvaus<\/b><\/p>\n<table border=\"0\" cellspacing=\"0\" cellpadding=\"0\" width=\"338\">\n<tbody>\n<tr>\n<td>\u00a0<\/td>\n<td>malli<\/td>\n<td>Mies<\/td>\n<\/tr>\n<tr>\n<td width=\"10\">\u00a0<\/td>\n<td width=\"59\">Koko<\/td>\n<td width=\"220\">48<\/td>\n<\/tr>\n<tr>\n<td>\u00a0<\/td>\n<td>Korkeus<\/td>\n<td>97 cm<\/td>\n<\/tr>\n<tr>\n<td>\u00a0<\/td>\n<td>Rinnanymp\u00e4rys<\/td>\n<td>100 cm<\/td>\n<\/tr>\n<tr>\n<td>\u00a0<\/td>\n<td>Vy\u00f6t\u00e4r\u00f6<\/td>\n<td>80 cm<\/td>\n<\/tr>\n<tr>\n<td>\u00a0<\/td>\n<td>Lantio<\/td>\n<td>89 cm<\/td>\n<\/tr>\n<tr>\n<td>\u00a0<\/td>\n<td>\u00a0<\/td>\n<td>\u00a0<\/td>\n<\/tr>\n<tr>\n<td>\u00a0<\/td>\n<td>materiaali<\/td>\n<td>Lasikuitu<\/td>\n<\/tr>\n<tr>\n<td>\u00a0<\/td>\n<td>Kolmijalka<\/td>\n<td>EMC-101 tai EMC-102<\/td>\n<\/tr>\n<tr>\n<td>\u00a0<\/td>\n<td>Skostrl<\/td>\n<td>- - -<\/td>\n<\/tr>\n<tr>\n<td>\u00a0<\/td>\n<td>\u00a0<\/td>\n<td>\u00a0<\/td>\n<\/tr>\n<tr>\n<td>\u00a0<\/td>\n<td>Merkki<\/td>\n<td>EMC \u00ae<\/td>\n<\/tr>\n<\/tbody>\n<\/table>","protected":false},"featured_media":2917,"comment_status":"open","ping_status":"closed","template":"","meta":[],"product_brand":[137],"product_cat":[185],"product_tag":[],"class_list":{"0":"post-2916","1":"product","2":"type-product","3":"status-publish","4":"has-post-thumbnail","6":"product_brand-mf110-159744","7":"product_cat-glasfiber","9":"first","10":"instock","11":"taxable","12":"shipping-taxable","13":"purchasable","14":"product-type-simple"},"_links":{"self":[{"href":"https:\/\/mallinuket.fi\/fi\/wp-json\/wp\/v2\/product\/2916","targetHints":{"allow":["GET"]}}],"collection":[{"href":"https:\/\/mallinuket.fi\/fi\/wp-json\/wp\/v2\/product"}],"about":[{"href":"https:\/\/mallinuket.fi\/fi\/wp-json\/wp\/v2\/types\/product"}],"replies":[{"embeddable":true,"href":"https:\/\/mallinuket.fi\/fi\/wp-json\/wp\/v2\/comments?post=2916"}],"wp:featuredmedia":[{"embeddable":true,"href":"https:\/\/mallinuket.fi\/fi\/wp-json\/wp\/v2\/media\/2917"}],"wp:attachment":[{"href":"https:\/\/mallinuket.fi\/fi\/wp-json\/wp\/v2\/media?parent=2916"}],"wp:term":[{"taxonomy":"product_brand","embeddable":true,"href":"https:\/\/mallinuket.fi\/fi\/wp-json\/wp\/v2\/product_brand?post=2916"},{"taxonomy":"product_cat","embeddable":true,"href":"https:\/\/mallinuket.fi\/fi\/wp-json\/wp\/v2\/product_cat?post=2916"},{"taxonomy":"product_tag","embeddable":true,"href":"https:\/\/mallinuket.fi\/fi\/wp-json\/wp\/v2\/product_tag?post=2916"}],"curies":[{"name":"wp","href":"https:\/\/api.w.org\/{rel}","templated":true}]}}