{"id":2923,"date":"2010-02-08T15:31:00","date_gmt":"2010-02-08T15:31:00","guid":{"rendered":"http:\/\/mallinuket.fi\/?product=stativ"},"modified":"2025-12-15T12:46:50","modified_gmt":"2025-12-15T12:46:50","slug":"katsomo-4","status":"publish","type":"product","link":"https:\/\/mallinuket.fi\/fi\/product\/stativ-4\/","title":{"rendered":"Kolmijalka"},"content":{"rendered":"<p>RACK<\/p>","protected":false},"excerpt":{"rendered":"<p>RACK<\/p>\n<p> Sopii EMC-sarjaan. Ruostumatonta harjattua ter\u00e4st\u00e4.<br \/> Korkeuss\u00e4\u00e4dett\u00e4v\u00e4 jalusta, 65-110 cm<br \/> Levyn koko on 30*45 cm ja putken halkaisija 22 mm.<\/p>","protected":false},"featured_media":2924,"comment_status":"open","ping_status":"closed","template":"","meta":[],"product_brand":[137],"product_cat":[282],"product_tag":[],"class_list":{"0":"post-2923","1":"product","2":"type-product","3":"status-publish","4":"has-post-thumbnail","6":"product_brand-mf110-159744","7":"product_cat-emc","9":"first","10":"instock","11":"taxable","12":"shipping-taxable","13":"purchasable","14":"product-type-simple"},"_links":{"self":[{"href":"https:\/\/mallinuket.fi\/fi\/wp-json\/wp\/v2\/product\/2923","targetHints":{"allow":["GET"]}}],"collection":[{"href":"https:\/\/mallinuket.fi\/fi\/wp-json\/wp\/v2\/product"}],"about":[{"href":"https:\/\/mallinuket.fi\/fi\/wp-json\/wp\/v2\/types\/product"}],"replies":[{"embeddable":true,"href":"https:\/\/mallinuket.fi\/fi\/wp-json\/wp\/v2\/comments?post=2923"}],"wp:featuredmedia":[{"embeddable":true,"href":"https:\/\/mallinuket.fi\/fi\/wp-json\/wp\/v2\/media\/2924"}],"wp:attachment":[{"href":"https:\/\/mallinuket.fi\/fi\/wp-json\/wp\/v2\/media?parent=2923"}],"wp:term":[{"taxonomy":"product_brand","embeddable":true,"href":"https:\/\/mallinuket.fi\/fi\/wp-json\/wp\/v2\/product_brand?post=2923"},{"taxonomy":"product_cat","embeddable":true,"href":"https:\/\/mallinuket.fi\/fi\/wp-json\/wp\/v2\/product_cat?post=2923"},{"taxonomy":"product_tag","embeddable":true,"href":"https:\/\/mallinuket.fi\/fi\/wp-json\/wp\/v2\/product_tag?post=2923"}],"curies":[{"name":"wp","href":"https:\/\/api.w.org\/{rel}","templated":true}]}}