{"id":3131,"date":"2011-09-20T16:22:50","date_gmt":"2011-09-20T16:22:50","guid":{"rendered":"http:\/\/mallinuket.fi\/?product=torso-herr"},"modified":"2025-12-15T12:46:48","modified_gmt":"2025-12-15T12:46:48","slug":"torso-herr-5","status":"publish","type":"product","link":"https:\/\/mallinuket.fi\/fi\/product\/torso-herr-5\/","title":{"rendered":"Torso Mr"},"content":{"rendered":"<p>MIESTEN TORSO<\/p>","protected":false},"excerpt":{"rendered":"<p>MIESTEN TORSO<\/p>\n<p> Mycket prisv\u00e4rd torso i plast. Modellen kan st\u00e5 frist\u00e5ende men inkludras med ett h\u00f6j o s\u00e4nkbart stativ i metall st\u00e5endes p\u00e5\u00a0metallplatta.<\/p>\n<p>Korkeus s\u00e4\u00e4dett\u00e4viss\u00e4 v\u00e4lill\u00e4 90-115 cm<br \/> Koko 46\/48<\/p>\n<p><b>Mallin kuvaus<\/b><\/p>\n<table border=\"0\" cellspacing=\"3\" cellpadding=\"0\" width=\"60%\">\n<tbody>\n<tr>\n<td>\u00a0<\/td>\n<td>malli<\/td>\n<td>Torso Mr<\/td>\n<\/tr>\n<tr>\n<td width=\"3%\">\u00a0<\/td>\n<td width=\"17%\">Korkeus<\/td>\n<td width=\"80%\">65cm<\/td>\n<\/tr>\n<tr>\n<td>\u00a0<\/td>\n<td>Rinnanymp\u00e4rys<\/td>\n<td>95 cm<\/td>\n<\/tr>\n<tr>\n<td>\u00a0<\/td>\n<td>Vy\u00f6t\u00e4r\u00f6<\/td>\n<td>75 cm<\/td>\n<\/tr>\n<tr>\n<td>\u00a0<\/td>\n<td>Lantio<\/td>\n<td>85 cm<\/td>\n<\/tr>\n<tr>\n<td>\u00a0<\/td>\n<td>V\u00e4ri<\/td>\n<td>Valkoinen<\/td>\n<\/tr>\n<\/tbody>\n<\/table>","protected":false},"featured_media":3132,"comment_status":"open","ping_status":"closed","template":"","meta":[],"product_brand":[137],"product_cat":[164],"product_tag":[],"class_list":{"0":"post-3131","1":"product","2":"type-product","3":"status-publish","4":"has-post-thumbnail","6":"product_brand-mf110-159744","7":"product_cat-plast","9":"first","10":"instock","11":"taxable","12":"shipping-taxable","13":"purchasable","14":"product-type-simple"},"_links":{"self":[{"href":"https:\/\/mallinuket.fi\/fi\/wp-json\/wp\/v2\/product\/3131","targetHints":{"allow":["GET"]}}],"collection":[{"href":"https:\/\/mallinuket.fi\/fi\/wp-json\/wp\/v2\/product"}],"about":[{"href":"https:\/\/mallinuket.fi\/fi\/wp-json\/wp\/v2\/types\/product"}],"replies":[{"embeddable":true,"href":"https:\/\/mallinuket.fi\/fi\/wp-json\/wp\/v2\/comments?post=3131"}],"wp:featuredmedia":[{"embeddable":true,"href":"https:\/\/mallinuket.fi\/fi\/wp-json\/wp\/v2\/media\/3132"}],"wp:attachment":[{"href":"https:\/\/mallinuket.fi\/fi\/wp-json\/wp\/v2\/media?parent=3131"}],"wp:term":[{"taxonomy":"product_brand","embeddable":true,"href":"https:\/\/mallinuket.fi\/fi\/wp-json\/wp\/v2\/product_brand?post=3131"},{"taxonomy":"product_cat","embeddable":true,"href":"https:\/\/mallinuket.fi\/fi\/wp-json\/wp\/v2\/product_cat?post=3131"},{"taxonomy":"product_tag","embeddable":true,"href":"https:\/\/mallinuket.fi\/fi\/wp-json\/wp\/v2\/product_tag?post=3131"}],"curies":[{"name":"wp","href":"https:\/\/api.w.org\/{rel}","templated":true}]}}