{"id":3500,"date":"2014-05-12T08:08:15","date_gmt":"2014-05-12T08:08:15","guid":{"rendered":"http:\/\/mallinuket.fi\/?product=torso-inkl-huvud"},"modified":"2025-12-15T12:46:47","modified_gmt":"2025-12-15T12:46:47","slug":"torso-inkl-huvud-1","status":"publish","type":"product","link":"https:\/\/mallinuket.fi\/fi\/product\/torso-inkl-huvud-1\/","title":{"rendered":"Vartalo p\u00e4\u00e4 mukaan luettuna"},"content":{"rendered":"<p>TORSO DAM<\/p>","protected":false},"excerpt":{"rendered":"<p>TORSO DAM<\/p>\n<p>Eritt\u00e4in edullinen muovinen torso sis\u00e4lt\u00e4en p\u00e4\u00e4n. Mukana krominen kaulasuojus, kun p\u00e4\u00e4t\u00e4 ei k\u00e4ytet\u00e4. Malli voi seist\u00e4 yksin\u00e4\u00e4n, mutta sen mukana toimitetaan raskaalla lasilevyll\u00e4 seisova metallinen korkeuss\u00e4\u00e4dett\u00e4v\u00e4 jalusta.<\/p>\n<p>Korkeus s\u00e4\u00e4dett\u00e4viss\u00e4 v\u00e4lill\u00e4 90-115 cm<br \/>\nStorlek 36\/38<\/p>","protected":false},"featured_media":3501,"comment_status":"open","ping_status":"closed","template":"","meta":[],"product_brand":[137],"product_cat":[164],"product_tag":[],"class_list":{"0":"post-3500","1":"product","2":"type-product","3":"status-publish","4":"has-post-thumbnail","6":"product_brand-mf110-159744","7":"product_cat-plast","9":"first","10":"instock","11":"taxable","12":"shipping-taxable","13":"purchasable","14":"product-type-simple"},"_links":{"self":[{"href":"https:\/\/mallinuket.fi\/fi\/wp-json\/wp\/v2\/product\/3500","targetHints":{"allow":["GET"]}}],"collection":[{"href":"https:\/\/mallinuket.fi\/fi\/wp-json\/wp\/v2\/product"}],"about":[{"href":"https:\/\/mallinuket.fi\/fi\/wp-json\/wp\/v2\/types\/product"}],"replies":[{"embeddable":true,"href":"https:\/\/mallinuket.fi\/fi\/wp-json\/wp\/v2\/comments?post=3500"}],"wp:featuredmedia":[{"embeddable":true,"href":"https:\/\/mallinuket.fi\/fi\/wp-json\/wp\/v2\/media\/3501"}],"wp:attachment":[{"href":"https:\/\/mallinuket.fi\/fi\/wp-json\/wp\/v2\/media?parent=3500"}],"wp:term":[{"taxonomy":"product_brand","embeddable":true,"href":"https:\/\/mallinuket.fi\/fi\/wp-json\/wp\/v2\/product_brand?post=3500"},{"taxonomy":"product_cat","embeddable":true,"href":"https:\/\/mallinuket.fi\/fi\/wp-json\/wp\/v2\/product_cat?post=3500"},{"taxonomy":"product_tag","embeddable":true,"href":"https:\/\/mallinuket.fi\/fi\/wp-json\/wp\/v2\/product_tag?post=3500"}],"curies":[{"name":"wp","href":"https:\/\/api.w.org\/{rel}","templated":true}]}}