{"id":3964,"date":"2016-02-18T08:41:56","date_gmt":"2016-02-18T08:41:56","guid":{"rendered":"http:\/\/mallinuket.fi\/?product=faceless-ljusgra"},"modified":"2025-12-15T12:46:21","modified_gmt":"2025-12-15T12:46:21","slug":"kasvoton-vaaleanharmaa-2","status":"publish","type":"product","link":"https:\/\/mallinuket.fi\/fi\/product\/faceless-ljusgra-2\/","title":{"rendered":"Kasvoton vaaleanharmaa"},"content":{"rendered":"<p>KASVOTON LAPSI KOKOELMA<\/p>","protected":false},"excerpt":{"rendered":"<p>KASVOTON LAPSI KOKOELMA<\/p>\n<p> Lasten sarja valkoisia ja vaaleanharmaita muovinukkeja. Nukkejen p\u00e4\u00e4t ovat t\u00e4ysin k\u00e4\u00e4nnett\u00e4viss\u00e4, ja k\u00e4sivarsissa on magneettiset olkaosat, jotka on helppo koota.<br \/> Nuken mukana toimitetaan paksu lasinen suojalevy ja vasikkatuki.<\/p>\n<p><b>Mallin kuvaus<\/b><\/p>\n<table cellspacing=\"3\" cellpadding=\"0\" border=\"0\" width=\"60%\">\n<tbody>\n<tr>\n<td>\u00a0<\/td>\n<td>malli<\/td>\n<td>unisex<\/td>\n<\/tr>\n<tr>\n<td width=\"3%\">\u00a0<\/td>\n<td width=\"17%\">Korkeus<\/td>\n<td width=\"80%\">80 cm<\/td>\n<\/tr>\n<tr>\n<td>\u00a0<\/td>\n<td>\u00a0<\/td>\n<td>\u00a0<\/td>\n<\/tr>\n<tr>\n<td>\u00a0<\/td>\n<td>V\u00e4ri<\/td>\n<td>Vaaleanharmaa<\/td>\n<\/tr>\n<tr>\n<td>\u00a0<\/td>\n<td>materiaali<\/td>\n<td>Muovi<\/td>\n<\/tr>\n<tr>\n<td>\u00a0<\/td>\n<td>Jalkalevy<\/td>\n<td>Kyll\u00e4 lasissa<\/td>\n<\/tr>\n<tr>\n<td>\u00a0<\/td>\n<td>Vasikan jalusta<\/td>\n<td>Kyll\u00e4<\/td>\n<\/tr>\n<\/tbody>\n<\/table>","protected":false},"featured_media":21089,"comment_status":"open","ping_status":"closed","template":"","meta":[],"product_brand":[150],"product_cat":[184],"product_tag":[],"class_list":{"0":"post-3964","1":"product","2":"type-product","3":"status-publish","4":"has-post-thumbnail","6":"product_brand-mf-123-324789","7":"product_cat-barn-faceless","9":"first","10":"instock","11":"taxable","12":"shipping-taxable","13":"purchasable","14":"product-type-simple"},"_links":{"self":[{"href":"https:\/\/mallinuket.fi\/fi\/wp-json\/wp\/v2\/product\/3964","targetHints":{"allow":["GET"]}}],"collection":[{"href":"https:\/\/mallinuket.fi\/fi\/wp-json\/wp\/v2\/product"}],"about":[{"href":"https:\/\/mallinuket.fi\/fi\/wp-json\/wp\/v2\/types\/product"}],"replies":[{"embeddable":true,"href":"https:\/\/mallinuket.fi\/fi\/wp-json\/wp\/v2\/comments?post=3964"}],"wp:featuredmedia":[{"embeddable":true,"href":"https:\/\/mallinuket.fi\/fi\/wp-json\/wp\/v2\/media\/21089"}],"wp:attachment":[{"href":"https:\/\/mallinuket.fi\/fi\/wp-json\/wp\/v2\/media?parent=3964"}],"wp:term":[{"taxonomy":"product_brand","embeddable":true,"href":"https:\/\/mallinuket.fi\/fi\/wp-json\/wp\/v2\/product_brand?post=3964"},{"taxonomy":"product_cat","embeddable":true,"href":"https:\/\/mallinuket.fi\/fi\/wp-json\/wp\/v2\/product_cat?post=3964"},{"taxonomy":"product_tag","embeddable":true,"href":"https:\/\/mallinuket.fi\/fi\/wp-json\/wp\/v2\/product_tag?post=3964"}],"curies":[{"name":"wp","href":"https:\/\/api.w.org\/{rel}","templated":true}]}}