{"id":4642,"date":"2018-10-28T22:18:54","date_gmt":"2018-10-28T22:18:54","guid":{"rendered":"http:\/\/mallinuket.fi\/?product=peruk-dam"},"modified":"2025-10-30T06:46:47","modified_gmt":"2025-10-30T06:46:47","slug":"peruk-dam-8","status":"publish","type":"product","link":"https:\/\/mallinuket.fi\/fi\/product\/peruk-dam-8\/","title":{"rendered":"Peruukkipato"},"content":{"rendered":"<p>PERUK DAM<\/p>","protected":false},"excerpt":{"rendered":"<p>PERUK DAM<\/p>\n<p>Laadukas peruukki EuroDisplaylt\u00e4. Eritt\u00e4in edullinen vaihtoehto laadukkaalle peruukille synteettisest\u00e4 materiaalista. On helppo k\u00e4sitell\u00e4 karkeahampaisella kammalla ja n\u00e4ytt\u00e4\u00e4 eritt\u00e4in aidolta.<\/p>\n<table cellspacing=\"3\" cellpadding=\"0\" border=\"0\" width=\"100%\">\n<tbody>\n<tr>\n<td width=\"9%\">malli<\/td>\n<td width=\"91%\">Nainen<\/td>\n<\/tr>\n<tr>\n<td>V\u00e4rikoodi<\/td>\n<td>847<\/td>\n<\/tr>\n<tr>\n<td>Pest\u00e4v\u00e4<\/td>\n<td>Kyll\u00e4, ohjeiden mukaan<\/td>\n<\/tr>\n<tr>\n<td>Merkki<\/td>\n<td>Fashion hair\u00ae by EuroDisplay\u00ae<\/td>\n<\/tr>\n<\/tbody>\n<\/table>","protected":false},"featured_media":4643,"comment_status":"open","ping_status":"closed","template":"","meta":[],"product_brand":[137],"product_cat":[169],"product_tag":[],"class_list":{"0":"post-4642","1":"product","2":"type-product","3":"status-publish","4":"has-post-thumbnail","6":"product_brand-mf110-159744","7":"product_cat-dam","9":"first","10":"instock","11":"taxable","12":"shipping-taxable","13":"purchasable","14":"product-type-simple"},"_links":{"self":[{"href":"https:\/\/mallinuket.fi\/fi\/wp-json\/wp\/v2\/product\/4642","targetHints":{"allow":["GET"]}}],"collection":[{"href":"https:\/\/mallinuket.fi\/fi\/wp-json\/wp\/v2\/product"}],"about":[{"href":"https:\/\/mallinuket.fi\/fi\/wp-json\/wp\/v2\/types\/product"}],"replies":[{"embeddable":true,"href":"https:\/\/mallinuket.fi\/fi\/wp-json\/wp\/v2\/comments?post=4642"}],"wp:featuredmedia":[{"embeddable":true,"href":"https:\/\/mallinuket.fi\/fi\/wp-json\/wp\/v2\/media\/4643"}],"wp:attachment":[{"href":"https:\/\/mallinuket.fi\/fi\/wp-json\/wp\/v2\/media?parent=4642"}],"wp:term":[{"taxonomy":"product_brand","embeddable":true,"href":"https:\/\/mallinuket.fi\/fi\/wp-json\/wp\/v2\/product_brand?post=4642"},{"taxonomy":"product_cat","embeddable":true,"href":"https:\/\/mallinuket.fi\/fi\/wp-json\/wp\/v2\/product_cat?post=4642"},{"taxonomy":"product_tag","embeddable":true,"href":"https:\/\/mallinuket.fi\/fi\/wp-json\/wp\/v2\/product_tag?post=4642"}],"curies":[{"name":"wp","href":"https:\/\/api.w.org\/{rel}","templated":true}]}}