{"id":5403,"date":"2022-03-24T13:22:49","date_gmt":"2022-03-24T13:22:49","guid":{"rendered":"http:\/\/mallinuket.fi\/?product=element-herr"},"modified":"2025-12-15T12:46:24","modified_gmt":"2025-12-15T12:46:24","slug":"herr-14","status":"publish","type":"product","link":"https:\/\/mallinuket.fi\/fi\/product\/herr-14\/","title":{"rendered":"ELEMENTTI HERRA"},"content":{"rendered":"<p>Element herr<\/p>","protected":false},"excerpt":{"rendered":"<p>COLLECTION ELEMENT HERR<\/p>\n<p> Uusi sarja raakoja teollisen n\u00e4k\u00f6isi\u00e4 lasikuitunukkeja, jotka ovat korkealaatuisia ja edullisia. Materiaali on lasikuitua, jossa on synteettist\u00e4 hartsia, mik\u00e4 tekee mallinukesta noin 30% kevyemm\u00e4n kuin tavalliset lasikuitunuket.<\/p>\n<p> Jokaisen nuken mukana toimitetaan py\u00f6re\u00e4 metallilevy, jossa on jalka- ja vasikkateline (ei istuvalle mallille).<br \/> Nuken kenkien altistamiseen k\u00e4ytet\u00e4\u00e4n mieluiten vasikkatukea.<\/p>\n<p><b>Mallin kuvaus<\/b><\/p>\n<table cellspacing=\"3\" cellpadding=\"0\" border=\"0\" width=\"60%\">\n<tbody>\n<tr>\n<td>\u00a0<\/td>\n<td>malli<\/td>\n<td>Mies<\/td>\n<\/tr>\n<tr>\n<td width=\"3%\">\u00a0<\/td>\n<td width=\"17%\">Strl<\/td>\n<td width=\"80%\">48-50<\/td>\n<\/tr>\n<tr>\n<td>\u00a0<\/td>\n<td>Pituus<\/td>\n<td>189 cm<\/td>\n<\/tr>\n<tr>\n<td>\u00a0<\/td>\n<td>Rinnanymp\u00e4rys<\/td>\n<td>96 cm<\/td>\n<\/tr>\n<tr>\n<td>\u00a0<\/td>\n<td>Vy\u00f6t\u00e4r\u00f6<\/td>\n<td>77 cm<\/td>\n<\/tr>\n<tr>\n<td>\u00a0<\/td>\n<td>Lantio<\/td>\n<td>96 cm<\/td>\n<\/tr>\n<tr>\n<td>\u00a0<\/td>\n<td>\u00a0<\/td>\n<td>\u00a0<\/td>\n<\/tr>\n<tr>\n<td>\u00a0<\/td>\n<td>V\u00e4ri<\/td>\n<td>Matt Vintage musta<\/td>\n<\/tr>\n<tr>\n<td>\u00a0<\/td>\n<td>materiaali<\/td>\n<td>Lasikuitu<\/td>\n<\/tr>\n<tr>\n<td>\u00a0<\/td>\n<td>Jalkalevy<\/td>\n<td>Kyll\u00e4, metallia<\/td>\n<\/tr>\n<tr>\n<td>\u00a0<\/td>\n<td>Jalkatuki<\/td>\n<td>Kyll\u00e4<\/td>\n<\/tr>\n<tr>\n<td>\u00a0<\/td>\n<td>Jalkatappi<\/td>\n<td>Kyll\u00e4<\/td>\n<\/tr>\n<tr>\n<td>\u00a0<\/td>\n<td>Korvarenkaat<\/td>\n<td>- - -<\/td>\n<\/tr>\n<tr>\n<td>\u00a0<\/td>\n<td>P\u00e4\u00e4<\/td>\n<td>Abstrakti<\/td>\n<\/tr>\n<tr>\n<td>\u00a0<\/td>\n<td>Skostrl<\/td>\n<td>44<\/td>\n<\/tr>\n<\/tbody>\n<\/table>\n<\/p>\n<p>Katso kokoelman PDF-luettelo.<\/p>\n<p><a href=\"http:\/\/mallinuket.fi\/fi\/PDF\/wissler_mannequin.pdf\/\" target=\"_blank\"><img decoding=\"async\" src=\"http:\/\/mallinuket.fi\/wp-content\/uploads\/image\/pdflogo.jpg\" width=\"50\" height=\"50\" alt=\"pdflogo.jpg\" \/><\/a><\/p>\n<p>\u00a0<img decoding=\"async\" src=\"http:\/\/mallinuket.fi\/wp-content\/uploads\/image\/extrafreight.gif\" width=\"42\" height=\"27\" alt=\"extrafreight\" \/> T\u00e4st\u00e4 tuotteesta veloitetaan 300 kr:n toimituslis\u00e4.<\/p>","protected":false},"featured_media":5404,"comment_status":"open","ping_status":"closed","template":"","meta":[],"product_brand":[150],"product_cat":[249],"product_tag":[],"class_list":{"0":"post-5403","1":"product","2":"type-product","3":"status-publish","4":"has-post-thumbnail","6":"product_brand-mf-123-324789","7":"product_cat-element","9":"first","10":"instock","11":"taxable","12":"shipping-taxable","13":"purchasable","14":"product-type-simple"},"_links":{"self":[{"href":"https:\/\/mallinuket.fi\/fi\/wp-json\/wp\/v2\/product\/5403","targetHints":{"allow":["GET"]}}],"collection":[{"href":"https:\/\/mallinuket.fi\/fi\/wp-json\/wp\/v2\/product"}],"about":[{"href":"https:\/\/mallinuket.fi\/fi\/wp-json\/wp\/v2\/types\/product"}],"replies":[{"embeddable":true,"href":"https:\/\/mallinuket.fi\/fi\/wp-json\/wp\/v2\/comments?post=5403"}],"wp:featuredmedia":[{"embeddable":true,"href":"https:\/\/mallinuket.fi\/fi\/wp-json\/wp\/v2\/media\/5404"}],"wp:attachment":[{"href":"https:\/\/mallinuket.fi\/fi\/wp-json\/wp\/v2\/media?parent=5403"}],"wp:term":[{"taxonomy":"product_brand","embeddable":true,"href":"https:\/\/mallinuket.fi\/fi\/wp-json\/wp\/v2\/product_brand?post=5403"},{"taxonomy":"product_cat","embeddable":true,"href":"https:\/\/mallinuket.fi\/fi\/wp-json\/wp\/v2\/product_cat?post=5403"},{"taxonomy":"product_tag","embeddable":true,"href":"https:\/\/mallinuket.fi\/fi\/wp-json\/wp\/v2\/product_tag?post=5403"}],"curies":[{"name":"wp","href":"https:\/\/api.w.org\/{rel}","templated":true}]}}