{"id":6481,"date":"2023-03-21T17:10:38","date_gmt":"2023-03-21T17:10:38","guid":{"rendered":"http:\/\/mallinuket.fi\/?product=boho-chic-003"},"modified":"2026-03-28T23:00:10","modified_gmt":"2026-03-28T23:00:10","slug":"boho-chic-088-1","status":"publish","type":"product","link":"https:\/\/mallinuket.fi\/fi\/product\/boho-chic-088-1\/","title":{"rendered":"Boho Chic 003"},"content":{"rendered":"<p>Boho Chic Dam<\/p>","protected":false},"excerpt":{"rendered":"<p>KOKOELMA BOHO CHIC - VAALEANHARMAA<\/p>\n<p><span>Nukke, abstrakti p\u00e4\u00e4, kasvoton, ekologisesti valmistettu FRP-levyst\u00e4, lakattu matta vaaleanharmaaksi, sis. lasisen jalkalevyn, jalka- ja vasikkatelineen.<br \/><\/span><\/p>\n<p><b>Mallin kuvaus<\/b><\/p>\n<table cellspacing=\"3\" cellpadding=\"0\" border=\"0\" width=\"60%\">\n<tbody>\n<tr>\n<td>&nbsp;<\/td>\n<td>malli<\/td>\n<td>Nainen<\/td>\n<\/tr>\n<tr>\n<td width=\"3%\">&nbsp;<\/td>\n<td width=\"17%\">Strl<\/td>\n<td width=\"80%\">36\/38<\/td>\n<\/tr>\n<tr>\n<td>&nbsp;<\/td>\n<td>Pituus<\/td>\n<td>186 cm<\/td>\n<\/tr>\n<tr>\n<td>&nbsp;<\/td>\n<td>P\u00e4\u00e4<\/td>\n<td>55 cm \u00d8<\/td>\n<\/tr>\n<tr>\n<td>&nbsp;<\/td>\n<td>Hartiat<\/td>\n<td>39cm<\/td>\n<\/tr>\n<tr>\n<td>&nbsp;<\/td>\n<td>Rinnanymp\u00e4rys<\/td>\n<td>89 cm<\/td>\n<\/tr>\n<tr>\n<td>&nbsp;<\/td>\n<td>Alempi rinta<\/td>\n<td>78 cm<\/td>\n<\/tr>\n<tr>\n<td>&nbsp;<\/td>\n<td>Vy\u00f6t\u00e4r\u00f6<\/td>\n<td>65cm<\/td>\n<\/tr>\n<tr>\n<td>&nbsp;<\/td>\n<td>lonkka<\/td>\n<td>88 cm<\/td>\n<\/tr>\n<tr>\n<td>&nbsp;<\/td>\n<td>Reidet<\/td>\n<td>50 cm \u00d8<\/td>\n<\/tr>\n<tr>\n<td>&nbsp;<\/td>\n<td>Mik\u00e4 on<\/td>\n<td>34 cm \u00d8<\/td>\n<\/tr>\n<tr>\n<td>&nbsp;<\/td>\n<td>Kantap\u00e4\u00e4n korkeus<\/td>\n<td>7 cm<\/td>\n<\/tr>\n<tr>\n<td>&nbsp;<\/td>\n<td>&nbsp;<\/td>\n<td>&nbsp;<\/td>\n<\/tr>\n<tr>\n<td>&nbsp;<\/td>\n<td>V\u00e4ri<\/td>\n<td>Vaaleanharmaa matta<\/td>\n<\/tr>\n<tr>\n<td>&nbsp;<\/td>\n<td>materiaali<\/td>\n<td>Lasikuitu<\/td>\n<\/tr>\n<tr>\n<td>&nbsp;<\/td>\n<td>Jalkalevy<\/td>\n<td>Kyll\u00e4, py\u00f6re\u00e4 lasi<\/td>\n<\/tr>\n<tr>\n<td>&nbsp;<\/td>\n<td>Vasikan jalusta<\/td>\n<td>Kyll\u00e4<\/td>\n<\/tr>\n<tr>\n<td>&nbsp;<\/td>\n<td>Jalkatappi<\/td>\n<td>Kyll\u00e4<\/td>\n<\/tr>\n<tr>\n<td>&nbsp;<\/td>\n<td>Skostrl<\/td>\n<td>37<\/td>\n<\/tr>\n<tr>\n<td>&nbsp;<\/td>\n<td>Farkkujen koko<\/td>\n<td>27-28 L30<\/td>\n<\/tr>\n<tr>\n<td>&nbsp;<\/td>\n<td>Naarmuuntumisenesto<\/td>\n<td>Kyll\u00e4<\/td>\n<\/tr>\n<tr>\n<td>&nbsp;<\/td>\n<td>Broad<\/td>\n<td>53 cm<\/td>\n<\/tr>\n<tr>\n<td>&nbsp;<\/td>\n<td>Syvyys<\/td>\n<td>34cm<\/td>\n<\/tr>\n<tr>\n<td>&nbsp;<\/td>\n<td>Paino<\/td>\n<td>16kg<\/td>\n<\/tr>\n<\/tbody>\n<\/table>\n<p><\/p>\n<p>Katso kokoelman PDF-luettelo.<\/p>\n<p><a href=\"http:\/\/mallinuket.fi\/fi\/pdf\/mallinuket\/bohochic.pdf\/\" target=\"_blank\"><img decoding=\"async\" src=\"http:\/\/mallinuket.fi\/wp-content\/uploads\/image\/pdflogo.jpg\" width=\"50\" height=\"50\" alt=\"pdflogo.jpg\" \/><\/a><\/p>\n<p>Kokoaminen.<\/p>\n<p><a href=\"http:\/\/mallinuket.fi\/fi\/pdf\/mallinuket\/manual023_e_sincere_female.pdf\/\" target=\"_blank\"><img decoding=\"async\" src=\"http:\/\/mallinuket.fi\/wp-content\/uploads\/image\/pdflogo.jpg\" width=\"50\" height=\"50\" alt=\"pdflogo.jpg\" \/><br \/><\/a><\/p>","protected":false},"featured_media":6482,"comment_status":"open","ping_status":"closed","template":"","meta":[],"product_brand":[],"product_cat":[268],"product_tag":[],"class_list":{"0":"post-6481","1":"product","2":"type-product","3":"status-publish","4":"has-post-thumbnail","6":"product_cat-boho-chic","8":"first","9":"instock","10":"taxable","11":"shipping-taxable","12":"purchasable","13":"product-type-simple"},"_links":{"self":[{"href":"https:\/\/mallinuket.fi\/fi\/wp-json\/wp\/v2\/product\/6481","targetHints":{"allow":["GET"]}}],"collection":[{"href":"https:\/\/mallinuket.fi\/fi\/wp-json\/wp\/v2\/product"}],"about":[{"href":"https:\/\/mallinuket.fi\/fi\/wp-json\/wp\/v2\/types\/product"}],"replies":[{"embeddable":true,"href":"https:\/\/mallinuket.fi\/fi\/wp-json\/wp\/v2\/comments?post=6481"}],"wp:featuredmedia":[{"embeddable":true,"href":"https:\/\/mallinuket.fi\/fi\/wp-json\/wp\/v2\/media\/6482"}],"wp:attachment":[{"href":"https:\/\/mallinuket.fi\/fi\/wp-json\/wp\/v2\/media?parent=6481"}],"wp:term":[{"taxonomy":"product_brand","embeddable":true,"href":"https:\/\/mallinuket.fi\/fi\/wp-json\/wp\/v2\/product_brand?post=6481"},{"taxonomy":"product_cat","embeddable":true,"href":"https:\/\/mallinuket.fi\/fi\/wp-json\/wp\/v2\/product_cat?post=6481"},{"taxonomy":"product_tag","embeddable":true,"href":"https:\/\/mallinuket.fi\/fi\/wp-json\/wp\/v2\/product_tag?post=6481"}],"curies":[{"name":"wp","href":"https:\/\/api.w.org\/{rel}","templated":true}]}}