{"id":7143,"date":"2024-03-15T07:07:22","date_gmt":"2024-03-15T07:07:22","guid":{"rendered":"http:\/\/mallinuket.fi\/?product=magic-torso"},"modified":"2025-12-15T12:46:47","modified_gmt":"2025-12-15T12:46:47","slug":"damtorso-1","status":"publish","type":"product","link":"https:\/\/mallinuket.fi\/fi\/product\/damtorso-1\/","title":{"rendered":"Magic Torso"},"content":{"rendered":"<p>Torso Dam Magic -sarja<\/p>","protected":false},"excerpt":{"rendered":"<p><strong>Tulevaisuus on t\u00e4\u00e4ll\u00e4 - ABS MAGIC! MIX &amp; MATCH<\/strong><\/p>\n<p>ABS on er\u00e4\u00e4nlainen muovi, joka n\u00e4ytt\u00e4\u00e4 perinteiselt\u00e4 lasikuidulta, mutta on k\u00e4yt\u00e4nn\u00f6ss\u00e4 murtumaton ja kest\u00e4\u00e4 naarmuja jne. Lyhyesti sanottuna t\u00e4m\u00e4 on tulevaisuuden materiaali mallinukkeja varten.<br \/>Erinomainen materiaali ja my\u00f6s 100% kierr\u00e4tett\u00e4viss\u00e4.<\/p>\n<p>T\u00e4ll\u00e4 mallinukella voit vaihtaa koko p\u00e4\u00e4n tai etupuolen. Magic-sarjan mahdollisuudet ovat lukuisat ja innovatiiviset.<\/p>\n<p>Kaikki p\u00e4\u00e4mme sopivat sek\u00e4 koko p\u00e4\u00e4n ett\u00e4 vartalon osalta. Valitse useista eri malleista, kuten kokop\u00e4\u00e4 tai etup\u00e4\u00e4, jossa kasvojen etuosa voidaan vaihtaa, mik\u00e4 antaa hienon vaikutelman ja uudistaa mallia yksinkertaisella tavalla. Kaikki liittimet ovat magneettisia. Jalusta EI sis\u00e4lly, katso lis\u00e4varusteet. Sopivan jalustan tulisi kest\u00e4\u00e4 max&nbsp;<span>\u00d8 23 mm.<\/span><\/p>\n<p>Lis\u00e4tietoja on PDF-tiedostossa<br \/><a href=\"http:\/\/mallinuket.fi\/fi\/PDF\/abs-manual.pdf\/\" target=\"_blank\"> <img decoding=\"async\" src=\"http:\/\/mallinuket.fi\/wp-content\/uploads\/image\/pdflogo.jpg\" width=\"50\" height=\"50\" border=\"0\" alt=\"pdflogo.jpg\" \/><\/a><\/p>\n<p><b>Mallin kuvaus<\/b><\/p>\n<table border=\"0\" cellspacing=\"3\" cellpadding=\"0\" width=\"60%\">\n<tbody>\n<tr>\n<td width=\"3%\">&nbsp;<\/td>\n<td width=\"17%\">malli<\/td>\n<td width=\"80%\">Nainen<\/td>\n<\/tr>\n<tr>\n<td>&nbsp;<\/td>\n<td>V\u00e4ri<\/td>\n<td>Matta valkoinen<\/td>\n<\/tr>\n<tr>\n<td>&nbsp;<\/td>\n<td>Jalkalevy<\/td>\n<td>Ei sis\u00e4lly<\/td>\n<\/tr>\n<tr>\n<td>&nbsp;<\/td>\n<td>P\u00e4\u00e4<\/td>\n<td>Mukana<\/td>\n<\/tr>\n<tr>\n<td>&nbsp;<\/td>\n<td>kaulalukko<\/td>\n<td>Mukana<\/td>\n<\/tr>\n<tr>\n<td>&nbsp;<\/td>\n<td>Vasikan jalusta<\/td>\n<td>- -<\/td>\n<\/tr>\n<tr>\n<td>&nbsp;<\/td>\n<td>Jalkatappi<\/td>\n<td>Ei ole.<\/td>\n<\/tr>\n<tr>\n<td>&nbsp;<\/td>\n<td>materiaali<\/td>\n<td>ABS<\/td>\n<\/tr>\n<tr>\n<td>&nbsp;<\/td>\n<td>&nbsp;<\/td>\n<td>&nbsp;<\/td>\n<\/tr>\n<tr>\n<td>&nbsp;<\/td>\n<td>Strl<\/td>\n<td>36<\/td>\n<\/tr>\n<tr>\n<td>&nbsp;<\/td>\n<td>Paino<\/td>\n<td>6kg<\/td>\n<\/tr>\n<tr>\n<td>&nbsp;<\/td>\n<td>Pituus<\/td>\n<td>-<\/td>\n<\/tr>\n<tr>\n<td>&nbsp;<\/td>\n<td>P\u00e4\u00e4<\/td>\n<td>\u00d8 54 cm<\/td>\n<\/tr>\n<tr>\n<td>&nbsp;<\/td>\n<td>K\u00e4sitelty<\/td>\n<td>\u00d8 15 cm<\/td>\n<\/tr>\n<tr>\n<td>&nbsp;<\/td>\n<td>Rinnanymp\u00e4rys<\/td>\n<td>82 cm<\/td>\n<\/tr>\n<tr>\n<td>&nbsp;<\/td>\n<td>Vy\u00f6t\u00e4r\u00f6<\/td>\n<td>63 cm<\/td>\n<\/tr>\n<tr>\n<td>&nbsp;<\/td>\n<td>lonkka<\/td>\n<td>- -&nbsp;<\/td>\n<\/tr>\n<tr>\n<td>&nbsp;<\/td>\n<td>Skostrl<\/td>\n<td>- -<\/td>\n<\/tr>\n<tr>\n<td>&nbsp;<\/td>\n<td>Skostrl<\/td>\n<td>- -<\/td>\n<\/tr>\n<tr>\n<td>&nbsp;<\/td>\n<td>Skostrl<\/td>\n<td>- - -<\/td>\n<\/tr>\n<tr>\n<td>&nbsp;<\/td>\n<td>&nbsp;<\/td>\n<td>&nbsp;<\/td>\n<\/tr>\n<tr>\n<td>&nbsp;<\/td>\n<td>Merkki<\/td>\n<td>MAGIC \u00ae<\/td>\n<\/tr>\n<\/tbody>\n<\/table>","protected":false},"featured_media":7144,"comment_status":"open","ping_status":"closed","template":"","meta":[],"product_brand":[146],"product_cat":[271],"product_tag":[325,365,324],"class_list":{"0":"post-7143","1":"product","2":"type-product","3":"status-publish","4":"has-post-thumbnail","6":"product_brand-mf-119-56421","7":"product_cat-magic","8":"product_tag-abs","9":"product_tag-magic","10":"product_tag-skyltdocka","12":"first","13":"instock","14":"taxable","15":"shipping-taxable","16":"purchasable","17":"product-type-simple"},"_links":{"self":[{"href":"https:\/\/mallinuket.fi\/fi\/wp-json\/wp\/v2\/product\/7143","targetHints":{"allow":["GET"]}}],"collection":[{"href":"https:\/\/mallinuket.fi\/fi\/wp-json\/wp\/v2\/product"}],"about":[{"href":"https:\/\/mallinuket.fi\/fi\/wp-json\/wp\/v2\/types\/product"}],"replies":[{"embeddable":true,"href":"https:\/\/mallinuket.fi\/fi\/wp-json\/wp\/v2\/comments?post=7143"}],"wp:featuredmedia":[{"embeddable":true,"href":"https:\/\/mallinuket.fi\/fi\/wp-json\/wp\/v2\/media\/7144"}],"wp:attachment":[{"href":"https:\/\/mallinuket.fi\/fi\/wp-json\/wp\/v2\/media?parent=7143"}],"wp:term":[{"taxonomy":"product_brand","embeddable":true,"href":"https:\/\/mallinuket.fi\/fi\/wp-json\/wp\/v2\/product_brand?post=7143"},{"taxonomy":"product_cat","embeddable":true,"href":"https:\/\/mallinuket.fi\/fi\/wp-json\/wp\/v2\/product_cat?post=7143"},{"taxonomy":"product_tag","embeddable":true,"href":"https:\/\/mallinuket.fi\/fi\/wp-json\/wp\/v2\/product_tag?post=7143"}],"curies":[{"name":"wp","href":"https:\/\/api.w.org\/{rel}","templated":true}]}}