{"id":7336,"date":"2024-03-18T10:19:46","date_gmt":"2024-03-18T10:19:46","guid":{"rendered":"http:\/\/mallinuket.fi\/?product=couture-wh1-09"},"modified":"2026-03-28T23:00:07","modified_gmt":"2026-03-28T23:00:07","slug":"couture-2","status":"publish","type":"product","link":"https:\/\/mallinuket.fi\/fi\/product\/couture-2\/","title":{"rendered":"Couture WH1-09"},"content":{"rendered":"<p>Couture<\/p>","protected":false},"excerpt":{"rendered":"<p>COUTURE-MALLISTO<\/p>\n<p>En skr\u00e4ddarbyst\/torso med flerfaldigt m\u00f6jligheter. Denna modell kan du plocka ihop som du \u00f6nskar i f\u00e4rger, armar huvuden och stativ. Modifiera som du vill. Kontakta oss f\u00f6r specifika \u00f6nskem\u00e5l.\u00a0Denna modell finns \u00e4ven i storlek 38 och 40.<\/p>\n<p><b>Mallin kuvaus<\/b><\/p>\n<table cellspacing=\"3\" cellpadding=\"0\" border=\"0\" width=\"60%\">\n<tbody>\n<tr>\n<td>\u00a0<\/td>\n<td>malli<\/td>\n<td>Nainen<\/td>\n<\/tr>\n<tr>\n<td width=\"3%\">\u00a0<\/td>\n<td width=\"17%\">Strl<\/td>\n<td width=\"80%\">EU36<\/td>\n<\/tr>\n<tr>\n<td>\u00a0<\/td>\n<td>Pituus<\/td>\n<td>Med huvud 100 cm. Utan huvud 80 cm<\/td>\n<\/tr>\n<tr>\n<td>\u00a0<\/td>\n<td>P\u00e4\u00e4<\/td>\n<td>55 cm \u00d8<\/td>\n<\/tr>\n<tr>\n<td>\u00a0<\/td>\n<td>Hartiat<\/td>\n<td>36 cm<\/td>\n<\/tr>\n<tr>\n<td>\u00a0<\/td>\n<td>Rinnanymp\u00e4rys<\/td>\n<td>85 cm<\/td>\n<\/tr>\n<tr>\n<td>\u00a0<\/td>\n<td>Alempi rinta<\/td>\n<td>71 cm<\/td>\n<\/tr>\n<tr>\n<td>\u00a0<\/td>\n<td>Vy\u00f6t\u00e4r\u00f6<\/td>\n<td>64 cm<\/td>\n<\/tr>\n<tr>\n<td>\u00a0<\/td>\n<td>Lantio<\/td>\n<td>84 cm<\/td>\n<\/tr>\n<tr>\n<td>\u00a0<\/td>\n<td>\u00a0<\/td>\n<td>\u00a0<\/td>\n<\/tr>\n<tr>\n<td>\u00a0<\/td>\n<td>V\u00e4ri<\/td>\n<td>VIT<\/td>\n<\/tr>\n<tr>\n<td>\u00a0<\/td>\n<td>materiaali<\/td>\n<td>Polyuretaani (j\u00e4ykk\u00e4 vaahto)<\/td>\n<\/tr>\n<tr>\n<td>\u00a0<\/td>\n<td>Kolmijalka<\/td>\n<td>Tarvikkeet<\/td>\n<\/tr>\n<tr>\n<td>\u00a0<\/td>\n<td>Paino<\/td>\n<td>- kg<\/td>\n<\/tr>\n<\/tbody>\n<\/table>\n<p><\/p>\n<p>Katso kokoelman PDF-luettelo.<\/p>\n<p><a href=\"http:\/\/mallinuket.fi\/fi\/pdf\/mallinuket\/couture.pdf\/\" target=\"_blank\"><img decoding=\"async\" src=\"http:\/\/mallinuket.fi\/wp-content\/uploads\/image\/pdflogo.jpg\" width=\"50\" height=\"50\" alt=\"pdflogo.jpg\" \/><\/a><\/p>","protected":false},"featured_media":7337,"comment_status":"open","ping_status":"closed","template":"","meta":[],"product_brand":[],"product_cat":[160],"product_tag":[],"class_list":{"0":"post-7336","1":"product","2":"type-product","3":"status-publish","4":"has-post-thumbnail","6":"product_cat-tailor-female","8":"first","9":"instock","10":"taxable","11":"shipping-taxable","12":"purchasable","13":"product-type-simple"},"_links":{"self":[{"href":"https:\/\/mallinuket.fi\/fi\/wp-json\/wp\/v2\/product\/7336","targetHints":{"allow":["GET"]}}],"collection":[{"href":"https:\/\/mallinuket.fi\/fi\/wp-json\/wp\/v2\/product"}],"about":[{"href":"https:\/\/mallinuket.fi\/fi\/wp-json\/wp\/v2\/types\/product"}],"replies":[{"embeddable":true,"href":"https:\/\/mallinuket.fi\/fi\/wp-json\/wp\/v2\/comments?post=7336"}],"wp:featuredmedia":[{"embeddable":true,"href":"https:\/\/mallinuket.fi\/fi\/wp-json\/wp\/v2\/media\/7337"}],"wp:attachment":[{"href":"https:\/\/mallinuket.fi\/fi\/wp-json\/wp\/v2\/media?parent=7336"}],"wp:term":[{"taxonomy":"product_brand","embeddable":true,"href":"https:\/\/mallinuket.fi\/fi\/wp-json\/wp\/v2\/product_brand?post=7336"},{"taxonomy":"product_cat","embeddable":true,"href":"https:\/\/mallinuket.fi\/fi\/wp-json\/wp\/v2\/product_cat?post=7336"},{"taxonomy":"product_tag","embeddable":true,"href":"https:\/\/mallinuket.fi\/fi\/wp-json\/wp\/v2\/product_tag?post=7336"}],"curies":[{"name":"wp","href":"https:\/\/api.w.org\/{rel}","templated":true}]}}