{"id":7929,"date":"2024-03-18T17:32:54","date_gmt":"2024-03-18T17:32:54","guid":{"rendered":"http:\/\/mallinuket.fi\/?product=urban-f001"},"modified":"2026-03-28T23:00:11","modified_gmt":"2026-03-28T23:00:11","slug":"urban-19","status":"publish","type":"product","link":"https:\/\/mallinuket.fi\/fi\/product\/urban-19\/","title":{"rendered":"Kaupunki F001"},"content":{"rendered":"<p>Kaupunkien pato<\/p>","protected":false},"excerpt":{"rendered":"<p>KOKOELMA URBAN- MATTA VALKOINEN<\/p>\n<p> <span>Nukke, abstrakti irrotettava p\u00e4\u00e4, kasvoton, ekologisesti valmistettu FRP:st\u00e4, joka on lakattu mattavalkoiseksi.<br \/> Kokoelmassa on useita muita valinnaisia p\u00e4it\u00e4. Faceless-p\u00e4\u00e4 on aina mukana. Istuin ei sis\u00e4lly.<br \/> <\/span><\/p>\n<p><b>Mallin kuvaus<\/b><\/p>\n<table cellspacing=\"3\" cellpadding=\"0\" border=\"0\" width=\"60%\">\n<tbody>\n<tr>\n<td>&nbsp;<\/td>\n<td>malli<\/td>\n<td>Nainen<\/td>\n<\/tr>\n<tr>\n<td width=\"3%\">&nbsp;<\/td>\n<td width=\"17%\">Strl<\/td>\n<td width=\"80%\">36<\/td>\n<\/tr>\n<tr>\n<td>&nbsp;<\/td>\n<td>Pituus<\/td>\n<td>182 cm<\/td>\n<\/tr>\n<tr>\n<td>&nbsp;<\/td>\n<td>P\u00e4\u00e4<\/td>\n<td>55 cm \u00d8<\/td>\n<\/tr>\n<tr>\n<td>&nbsp;<\/td>\n<td>Hartiat<\/td>\n<td>39cm<\/td>\n<\/tr>\n<tr>\n<td>&nbsp;<\/td>\n<td>Rinnanymp\u00e4rys<\/td>\n<td>86 cm<\/td>\n<\/tr>\n<tr>\n<td>&nbsp;<\/td>\n<td>Alempi rinta<\/td>\n<td>77 cm<\/td>\n<\/tr>\n<tr>\n<td>&nbsp;<\/td>\n<td>Vy\u00f6t\u00e4r\u00f6<\/td>\n<td>65cm<\/td>\n<\/tr>\n<tr>\n<td>&nbsp;<\/td>\n<td>lonkka<\/td>\n<td>88 cm<\/td>\n<\/tr>\n<tr>\n<td>&nbsp;<\/td>\n<td>Reidet<\/td>\n<td>51 cm \u00d8<\/td>\n<\/tr>\n<tr>\n<td>&nbsp;<\/td>\n<td>Mik\u00e4 on<\/td>\n<td>35 cm \u00d8<\/td>\n<\/tr>\n<tr>\n<td>&nbsp;<\/td>\n<td>Kantap\u00e4\u00e4n korkeus<\/td>\n<td>2,5 cm<\/td>\n<\/tr>\n<tr>\n<td>&nbsp;<\/td>\n<td>&nbsp;<\/td>\n<td>&nbsp;<\/td>\n<\/tr>\n<tr>\n<td>&nbsp;<\/td>\n<td>V\u00e4ri<\/td>\n<td>Valkoinen matta<\/td>\n<\/tr>\n<tr>\n<td>&nbsp;<\/td>\n<td>materiaali<\/td>\n<td>Lasikuitu<\/td>\n<\/tr>\n<tr>\n<td>&nbsp;<\/td>\n<td>Jalkalevy<\/td>\n<td>- -<\/td>\n<\/tr>\n<tr>\n<td>&nbsp;<\/td>\n<td>Vasikan jalusta<\/td>\n<td>- -<\/td>\n<\/tr>\n<tr>\n<td>&nbsp;<\/td>\n<td>Jalkatappi<\/td>\n<td>- -<\/td>\n<\/tr>\n<tr>\n<td>&nbsp;<\/td>\n<td>Skostrl<\/td>\n<td>37<\/td>\n<\/tr>\n<tr>\n<td>&nbsp;<\/td>\n<td>Farkkujen koko<\/td>\n<td>- -<\/td>\n<\/tr>\n<tr>\n<td>&nbsp;<\/td>\n<td>Naarmuuntumisenesto<\/td>\n<td>Kyll\u00e4<\/td>\n<\/tr>\n<tr>\n<td>&nbsp;<\/td>\n<td>Korkeus<\/td>\n<td>135cm<\/td>\n<\/tr>\n<tr>\n<td>&nbsp;<\/td>\n<td>Broad<\/td>\n<td>40cm<\/td>\n<\/tr>\n<tr>\n<td>&nbsp;<\/td>\n<td>Syvyys<\/td>\n<td>69 cm<\/td>\n<\/tr>\n<tr>\n<td>&nbsp;<\/td>\n<td>Paino<\/td>\n<td>16kg<\/td>\n<\/tr>\n<\/tbody>\n<\/table>\n<p><\/p>\n<p>Katso kokoelman PDF-luettelo.<\/p>\n<p><a href=\"http:\/\/mallinuket.fi\/fi\/pdf\/mallinuket\/urban.pdf\/\" target=\"_blank\"><img decoding=\"async\" src=\"http:\/\/mallinuket.fi\/wp-content\/uploads\/image\/pdflogo.jpg\" width=\"50\" height=\"50\" alt=\"pdflogo.jpg\" \/><\/a><\/p>","protected":false},"featured_media":7930,"comment_status":"open","ping_status":"closed","template":"","meta":[],"product_brand":[],"product_cat":[272],"product_tag":[],"class_list":{"0":"post-7929","1":"product","2":"type-product","3":"status-publish","4":"has-post-thumbnail","6":"product_cat-skyltdocka-urban","8":"first","9":"instock","10":"taxable","11":"shipping-taxable","12":"purchasable","13":"product-type-simple"},"_links":{"self":[{"href":"https:\/\/mallinuket.fi\/fi\/wp-json\/wp\/v2\/product\/7929","targetHints":{"allow":["GET"]}}],"collection":[{"href":"https:\/\/mallinuket.fi\/fi\/wp-json\/wp\/v2\/product"}],"about":[{"href":"https:\/\/mallinuket.fi\/fi\/wp-json\/wp\/v2\/types\/product"}],"replies":[{"embeddable":true,"href":"https:\/\/mallinuket.fi\/fi\/wp-json\/wp\/v2\/comments?post=7929"}],"wp:featuredmedia":[{"embeddable":true,"href":"https:\/\/mallinuket.fi\/fi\/wp-json\/wp\/v2\/media\/7930"}],"wp:attachment":[{"href":"https:\/\/mallinuket.fi\/fi\/wp-json\/wp\/v2\/media?parent=7929"}],"wp:term":[{"taxonomy":"product_brand","embeddable":true,"href":"https:\/\/mallinuket.fi\/fi\/wp-json\/wp\/v2\/product_brand?post=7929"},{"taxonomy":"product_cat","embeddable":true,"href":"https:\/\/mallinuket.fi\/fi\/wp-json\/wp\/v2\/product_cat?post=7929"},{"taxonomy":"product_tag","embeddable":true,"href":"https:\/\/mallinuket.fi\/fi\/wp-json\/wp\/v2\/product_tag?post=7929"}],"curies":[{"name":"wp","href":"https:\/\/api.w.org\/{rel}","templated":true}]}}