{"id":9013,"date":"2025-08-05T21:11:29","date_gmt":"2025-08-05T21:11:29","guid":{"rendered":"http:\/\/mallinuket.fi\/?product=mm103"},"modified":"2026-03-28T23:00:13","modified_gmt":"2026-03-28T23:00:13","slug":"skyltdocka-sincere-11","status":"publish","type":"product","link":"https:\/\/mallinuket.fi\/fi\/product\/skyltdocka-sincere-11\/","title":{"rendered":"MM103"},"content":{"rendered":"<p>Mallinukke Mr Sincere<\/p>","protected":false},"excerpt":{"rendered":"<p>KOKOELMA VILPIT\u00d6N - VALKOINEN<\/p>\n<p>Nukke, abstrakti p\u00e4\u00e4, kasvoton, FRP-lakattu mattavalkoiseksi, sis. jauhemaalattu valkoinen jalkalevy, jalka- ja vasikkateline.<\/p>\n<p><b>Mallin kuvaus<\/b><\/p>\n<table border=\"0\" width=\"60%\" cellspacing=\"3\" cellpadding=\"0\">\n<tbody>\n<tr>\n<td><\/td>\n<td>malli<\/td>\n<td>Mies<\/td>\n<\/tr>\n<tr>\n<td width=\"3%\"><\/td>\n<td width=\"17%\">Strl<\/td>\n<td width=\"80%\">36\/38<\/td>\n<\/tr>\n<tr>\n<td><\/td>\n<td>Pituus<\/td>\n<td>190 cm<\/td>\n<\/tr>\n<tr>\n<td><\/td>\n<td>Kokonaispituus<\/td>\n<td>190 cm<\/td>\n<\/tr>\n<tr>\n<td><\/td>\n<td>P\u00e4\u00e4<\/td>\n<td>57 cm \u00d8<\/td>\n<\/tr>\n<tr>\n<td><\/td>\n<td>Hartiat<\/td>\n<td>42cm<\/td>\n<\/tr>\n<tr>\n<td><\/td>\n<td>Rinnanymp\u00e4rys<\/td>\n<td>103 cm<\/td>\n<\/tr>\n<tr>\n<td><\/td>\n<td>Alempi rinta<\/td>\n<td>94 cm<\/td>\n<\/tr>\n<tr>\n<td><\/td>\n<td>Vy\u00f6t\u00e4r\u00f6<\/td>\n<td>80 cm<\/td>\n<\/tr>\n<tr>\n<td><\/td>\n<td>Lantio<\/td>\n<td>88 cm<\/td>\n<\/tr>\n<tr>\n<td><\/td>\n<td>Reidet<\/td>\n<td>58 cm \u00d8<\/td>\n<\/tr>\n<tr>\n<td><\/td>\n<td>Mik\u00e4 on<\/td>\n<td>40 cm \u00d8<\/td>\n<\/tr>\n<tr>\n<td><\/td>\n<td>Kantap\u00e4\u00e4n korkeus<\/td>\n<td>2 cm<\/td>\n<\/tr>\n<tr>\n<td><\/td>\n<td><\/td>\n<td><\/td>\n<\/tr>\n<tr>\n<td><\/td>\n<td>V\u00e4ri<\/td>\n<td>Valkoinen matta<\/td>\n<\/tr>\n<tr>\n<td><\/td>\n<td>materiaali<\/td>\n<td>Lasikuitu<\/td>\n<\/tr>\n<tr>\n<td><\/td>\n<td>Jalkalevy<\/td>\n<td>Kyll\u00e4, nelikulmainen, valkoista metallia<\/td>\n<\/tr>\n<tr>\n<td><\/td>\n<td>Vasikan jalusta<\/td>\n<td>Kyll\u00e4<\/td>\n<\/tr>\n<tr>\n<td><\/td>\n<td>Jalkatappi<\/td>\n<td>Kyll\u00e4<\/td>\n<\/tr>\n<tr>\n<td><\/td>\n<td>Skostrl<\/td>\n<td>43<\/td>\n<\/tr>\n<tr>\n<td><\/td>\n<td>Farkkujen koko<\/td>\n<td>31-32 L34<\/td>\n<\/tr>\n<tr>\n<td><\/td>\n<td>Naarmuuntumisenesto<\/td>\n<td>Kyll\u00e4<\/td>\n<\/tr>\n<tr>\n<td><\/td>\n<td>Broad<\/td>\n<td>55cm<\/td>\n<\/tr>\n<tr>\n<td><\/td>\n<td>Syvyys<\/td>\n<td>42cm<\/td>\n<\/tr>\n<tr>\n<td><\/td>\n<td>Paino<\/td>\n<td>17kg<\/td>\n<\/tr>\n<\/tbody>\n<\/table>\n<p>&nbsp;<\/p>\n<p>Katso kokoelman PDF-luettelo.<\/p>\n<p><a href=\"http:\/\/mallinuket.fi\/fi\/pdf\/mallinuket\/sincere.pdf\/\" target=\"_blank\" rel=\"noopener\"><img decoding=\"async\" src=\"http:\/\/mallinuket.fi\/wp-content\/uploads\/image\/pdflogo.jpg\" alt=\"pdflogo.jpg\" width=\"50\" height=\"50\" \/><br \/>\n<\/a><\/p>\n<p>Kokoaminen.<\/p>\n<p><a href=\"http:\/\/mallinuket.fi\/fi\/pdf\/mallinuket\/manual023_e_sincere_female.pdf\/\" target=\"_blank\" rel=\"noopener\"><img decoding=\"async\" src=\"http:\/\/mallinuket.fi\/wp-content\/uploads\/image\/pdflogo.jpg\" alt=\"pdflogo.jpg\" width=\"50\" height=\"50\" \/><br \/>\n<\/a><\/p>\n<p>Uudelleenmaalaus: T\u00e4m\u00e4 malli on saatavana my\u00f6s muissa v\u00e4reiss\u00e4, katso hinnasto ja lis\u00e4tietoja alla olevasta linkist\u00e4.<\/p>\n<p><a href=\"http:\/\/mallinuket.fi\/fi\/content\/39-omlackering\/\" target=\"_blank\" rel=\"noopener\"><img decoding=\"async\" src=\"http:\/\/mallinuket.fi\/wp-content\/uploads\/image\/hp.png\" alt=\"pdflogo.jpg\" width=\"50\" height=\"50\" \/><br \/>\n<\/a><\/p>","protected":false},"featured_media":22048,"comment_status":"open","ping_status":"closed","template":"","meta":[],"product_brand":[],"product_cat":[255],"product_tag":[],"class_list":{"0":"post-9013","1":"product","2":"type-product","3":"status-publish","4":"has-post-thumbnail","6":"product_cat-sincere","8":"first","9":"instock","10":"taxable","11":"shipping-taxable","12":"purchasable","13":"product-type-simple"},"_links":{"self":[{"href":"https:\/\/mallinuket.fi\/fi\/wp-json\/wp\/v2\/product\/9013","targetHints":{"allow":["GET"]}}],"collection":[{"href":"https:\/\/mallinuket.fi\/fi\/wp-json\/wp\/v2\/product"}],"about":[{"href":"https:\/\/mallinuket.fi\/fi\/wp-json\/wp\/v2\/types\/product"}],"replies":[{"embeddable":true,"href":"https:\/\/mallinuket.fi\/fi\/wp-json\/wp\/v2\/comments?post=9013"}],"wp:featuredmedia":[{"embeddable":true,"href":"https:\/\/mallinuket.fi\/fi\/wp-json\/wp\/v2\/media\/22048"}],"wp:attachment":[{"href":"https:\/\/mallinuket.fi\/fi\/wp-json\/wp\/v2\/media?parent=9013"}],"wp:term":[{"taxonomy":"product_brand","embeddable":true,"href":"https:\/\/mallinuket.fi\/fi\/wp-json\/wp\/v2\/product_brand?post=9013"},{"taxonomy":"product_cat","embeddable":true,"href":"https:\/\/mallinuket.fi\/fi\/wp-json\/wp\/v2\/product_cat?post=9013"},{"taxonomy":"product_tag","embeddable":true,"href":"https:\/\/mallinuket.fi\/fi\/wp-json\/wp\/v2\/product_tag?post=9013"}],"curies":[{"name":"wp","href":"https:\/\/api.w.org\/{rel}","templated":true}]}}