{"id":9858,"date":"2025-08-25T20:45:02","date_gmt":"2025-08-25T20:45:02","guid":{"rendered":"http:\/\/mallinuket.fi\/?product=in-shape-323"},"modified":"2026-03-28T23:00:11","modified_gmt":"2026-03-28T23:00:11","slug":"inshape-36","status":"publish","type":"product","link":"https:\/\/mallinuket.fi\/fi\/product\/inshape-36\/","title":{"rendered":"Kunnossa 323"},"content":{"rendered":"<p>In Shape Mr<\/p>","protected":false},"excerpt":{"rendered":"<p><strong>Inshape-mallisto<\/strong><\/p>\n<p>Urheilunukke, joka on valmistettu lasikuidusta (FRP) ja maalattu vaaleanharmaalla RAL 7047 -v\u00e4rill\u00e4.<br \/>Maskulina sportkroppar i tydliga positioner f&ouml;r resp. sport. Golvplatta i borstad st&aring;l, ryggstativ medf&ouml;ljer denna docka.&nbsp;<br \/>Boll ing&aring;r EJ.<\/p>\n<p><b>Mallin kuvaus<\/b><\/p>\n<table cellspacing=\"3\" cellpadding=\"0\" border=\"0\" width=\"60%\">\n<tbody>\n<tr>\n<td>&nbsp;<\/td>\n<td>malli<\/td>\n<td>Mies<\/td>\n<\/tr>\n<tr>\n<td width=\"3%\">&nbsp;<\/td>\n<td width=\"17%\">Strl<\/td>\n<td width=\"80%\">48\/50<\/td>\n<\/tr>\n<tr>\n<td>&nbsp;<\/td>\n<td>Pituus<\/td>\n<td>190 cm<\/td>\n<\/tr>\n<tr>\n<td>&nbsp;<\/td>\n<td>Kokonaispituus<\/td>\n<td>176 cm<\/td>\n<\/tr>\n<tr>\n<td>&nbsp;<\/td>\n<td>P\u00e4\u00e4<\/td>\n<td>58 cm \u00d8<\/td>\n<\/tr>\n<tr>\n<td>&nbsp;<\/td>\n<td>Hartiat<\/td>\n<td>42cm<\/td>\n<\/tr>\n<tr>\n<td>&nbsp;<\/td>\n<td>Rinnanymp\u00e4rys<\/td>\n<td>105 cm<\/td>\n<\/tr>\n<tr>\n<td>&nbsp;<\/td>\n<td>Alempi rinta<\/td>\n<td>94 cm<\/td>\n<\/tr>\n<tr>\n<td>&nbsp;<\/td>\n<td>Vy\u00f6t\u00e4r\u00f6<\/td>\n<td>83 cm<\/td>\n<\/tr>\n<tr>\n<td>&nbsp;<\/td>\n<td>lonkka<\/td>\n<td>91 cm<\/td>\n<\/tr>\n<tr>\n<td>&nbsp;<\/td>\n<td>Reidet<\/td>\n<td>58 cm \u00d8<\/td>\n<\/tr>\n<tr>\n<td>&nbsp;<\/td>\n<td>Mik\u00e4 on<\/td>\n<td>41 cm \u00d8<\/td>\n<\/tr>\n<tr>\n<td>&nbsp;<\/td>\n<td>Kantap\u00e4\u00e4n korkeus<\/td>\n<td>2 cm<\/td>\n<\/tr>\n<tr>\n<td>&nbsp;<\/td>\n<td>&nbsp;<\/td>\n<td>&nbsp;<\/td>\n<\/tr>\n<tr>\n<td>&nbsp;<\/td>\n<td>V\u00e4ri<\/td>\n<td>Vaaleanharmaa matta RAL 7047<\/td>\n<\/tr>\n<tr>\n<td>&nbsp;<\/td>\n<td>materiaali<\/td>\n<td>Lasikuitu: kuituvahvisteinen polyesteri (FRP).<\/td>\n<\/tr>\n<tr>\n<td>&nbsp;<\/td>\n<td>Jalkalevy<\/td>\n<td>Kyll\u00e4, neli\u00f6n muotoinen harjattu ter\u00e4s<\/td>\n<\/tr>\n<tr>\n<td>&nbsp;<\/td>\n<td>Vasikan jalusta<\/td>\n<td>Selk\u00e4nojan jalusta<\/td>\n<\/tr>\n<tr>\n<td>&nbsp;<\/td>\n<td>Jalkatappi<\/td>\n<td>- -<\/td>\n<\/tr>\n<tr>\n<td>&nbsp;<\/td>\n<td>Skostrl<\/td>\n<td>37<\/td>\n<\/tr>\n<tr>\n<td>&nbsp;<\/td>\n<td>Farkkujen koko<\/td>\n<td>32-33 L34<\/td>\n<\/tr>\n<tr>\n<td>&nbsp;<\/td>\n<td>Naarmuuntumisenesto<\/td>\n<td>Kyll\u00e4<\/td>\n<\/tr>\n<tr>\n<td>&nbsp;<\/td>\n<td>Broad<\/td>\n<td>130 cm<\/td>\n<\/tr>\n<tr>\n<td>&nbsp;<\/td>\n<td>Syvyys<\/td>\n<td>152 cm<\/td>\n<\/tr>\n<tr>\n<td>&nbsp;<\/td>\n<td>Paino<\/td>\n<td>17kg<\/td>\n<\/tr>\n<\/tbody>\n<\/table>\n<p><\/p>\n<p>Katso kokoelman PDF-luettelo.<\/p>\n<p><a href=\"http:\/\/mallinuket.fi\/fi\/pdf\/mallinuket\/inshape.pdf\/\" target=\"_blank\"><img decoding=\"async\" src=\"http:\/\/mallinuket.fi\/wp-content\/uploads\/image\/pdflogo.jpg\" width=\"50\" height=\"50\" alt=\"pdflogo.jpg\" \/><\/a><\/p>\n<p>Kokoaminen.<\/p>\n<p><a href=\"http:\/\/mallinuket.fi\/fi\/pdf\/mallinuket\/montering-inshape.pdf\/\" target=\"_blank\"><img decoding=\"async\" src=\"http:\/\/mallinuket.fi\/wp-content\/uploads\/image\/pdflogo.jpg\" width=\"50\" height=\"50\" alt=\"pdflogo.jpg\" \/><br \/><\/a><\/p>\n<p><img decoding=\"async\" src=\"http:\/\/mallinuket.fi\/wp-content\/uploads\/img\/cms\/extrafreight.gif\" alt=\"\" width=\"35\" height=\"35\" \/>&nbsp;<br \/>T\u00e4m\u00e4n tuotteen toimitusmaksu on 650 kr.<\/p>","protected":false},"featured_media":9859,"comment_status":"open","ping_status":"closed","template":"","meta":[],"product_brand":[],"product_cat":[245],"product_tag":[],"class_list":{"0":"post-9858","1":"product","2":"type-product","3":"status-publish","4":"has-post-thumbnail","6":"product_cat-inshape-sport","8":"first","9":"instock","10":"taxable","11":"shipping-taxable","12":"purchasable","13":"product-type-simple"},"_links":{"self":[{"href":"https:\/\/mallinuket.fi\/fi\/wp-json\/wp\/v2\/product\/9858","targetHints":{"allow":["GET"]}}],"collection":[{"href":"https:\/\/mallinuket.fi\/fi\/wp-json\/wp\/v2\/product"}],"about":[{"href":"https:\/\/mallinuket.fi\/fi\/wp-json\/wp\/v2\/types\/product"}],"replies":[{"embeddable":true,"href":"https:\/\/mallinuket.fi\/fi\/wp-json\/wp\/v2\/comments?post=9858"}],"wp:featuredmedia":[{"embeddable":true,"href":"https:\/\/mallinuket.fi\/fi\/wp-json\/wp\/v2\/media\/9859"}],"wp:attachment":[{"href":"https:\/\/mallinuket.fi\/fi\/wp-json\/wp\/v2\/media?parent=9858"}],"wp:term":[{"taxonomy":"product_brand","embeddable":true,"href":"https:\/\/mallinuket.fi\/fi\/wp-json\/wp\/v2\/product_brand?post=9858"},{"taxonomy":"product_cat","embeddable":true,"href":"https:\/\/mallinuket.fi\/fi\/wp-json\/wp\/v2\/product_cat?post=9858"},{"taxonomy":"product_tag","embeddable":true,"href":"https:\/\/mallinuket.fi\/fi\/wp-json\/wp\/v2\/product_tag?post=9858"}],"curies":[{"name":"wp","href":"https:\/\/api.w.org\/{rel}","templated":true}]}}